{"id":1352,"date":"2024-11-07T10:39:43","date_gmt":"2024-11-07T09:39:43","guid":{"rendered":"https:\/\/tisserand-boubes.fr\/?page_id=1352"},"modified":"2025-03-04T00:24:25","modified_gmt":"2025-03-03T23:24:25","slug":"mon-alternance-au-chu-de-besancon","status":"publish","type":"page","link":"https:\/\/tisserand-boubes.fr\/?page_id=1352","title":{"rendered":"Mon Alternance au CHU de Besan\u00e7on"},"content":{"rendered":"\t\t<div data-elementor-type=\"wp-page\" data-elementor-id=\"1352\" class=\"elementor elementor-1352\">\n\t\t\t\t<div class=\"elementor-element elementor-element-acd386a e-flex e-con-boxed wpr-particle-no wpr-jarallax-no wpr-parallax-no wpr-sticky-section-no e-con e-parent\" data-id=\"acd386a\" data-element_type=\"container\" data-settings=\"{&quot;content_width&quot;:&quot;boxed&quot;}\" data-core-v316-plus=\"true\">\n\t\t\t\t\t<div class=\"e-con-inner\">\n\t\t\t\t<div class=\"elementor-element elementor-element-3f90d3a elementor-widget elementor-widget-heading\" data-id=\"3f90d3a\" data-element_type=\"widget\" data-widget_type=\"heading.default\">\n\t\t\t\t<div class=\"elementor-widget-container\">\n\t\t\t<style>\/*! elementor - v3.19.0 - 29-01-2024 *\/\n.elementor-heading-title{padding:0;margin:0;line-height:1}.elementor-widget-heading .elementor-heading-title[class*=elementor-size-]>a{color:inherit;font-size:inherit;line-height:inherit}.elementor-widget-heading .elementor-heading-title.elementor-size-small{font-size:15px}.elementor-widget-heading .elementor-heading-title.elementor-size-medium{font-size:19px}.elementor-widget-heading .elementor-heading-title.elementor-size-large{font-size:29px}.elementor-widget-heading .elementor-heading-title.elementor-size-xl{font-size:39px}.elementor-widget-heading .elementor-heading-title.elementor-size-xxl{font-size:59px}<\/style><h2 class=\"elementor-heading-title elementor-size-default\">Exp\u00e9rience professionnelle en cours<\/h2>\t\t<\/div>\n\t\t\t\t<\/div>\n\t\t\t\t<div class=\"elementor-element elementor-element-3b9c24e elementor-widget elementor-widget-text-editor\" data-id=\"3b9c24e\" data-element_type=\"widget\" data-widget_type=\"text-editor.default\">\n\t\t\t\t<div class=\"elementor-widget-container\">\n\t\t\t<style>\/*! elementor - v3.19.0 - 29-01-2024 *\/\n.elementor-widget-text-editor.elementor-drop-cap-view-stacked .elementor-drop-cap{background-color:#69727d;color:#fff}.elementor-widget-text-editor.elementor-drop-cap-view-framed .elementor-drop-cap{color:#69727d;border:3px solid;background-color:transparent}.elementor-widget-text-editor:not(.elementor-drop-cap-view-default) .elementor-drop-cap{margin-top:8px}.elementor-widget-text-editor:not(.elementor-drop-cap-view-default) .elementor-drop-cap-letter{width:1em;height:1em}.elementor-widget-text-editor .elementor-drop-cap{float:left;text-align:center;line-height:1;font-size:50px}.elementor-widget-text-editor .elementor-drop-cap-letter{display:inline-block}<\/style>\t\t\t\t<div><div><p>J\u2019ai d\u00e9cid\u00e9 d\u2019opter pour la formation en alternance pour ma troisi\u00e8me et derni\u00e8re ann\u00e9e de bachelor en information-communication et j\u2019ai eu la chance d\u2019int\u00e9grer le service de la Direction de la Communication, de la Culture et du M\u00e9c\u00e9nat du CHU de Besan\u00e7on. L\u2019occasion de mettre en pratique les connaissances que m\u2019auront apport\u00e9 ces trois ann\u00e9es de bachelor, mais aussi d\u2019\u00e9largir ma palette de comp\u00e9tences en apprenant aupr\u00e8s de professionnels de la communication !<\/p><\/div><div><div><p>Je r\u00e9alise diverses missions de communication au sein du CHU de Besan\u00e7on, ce qui me permet \u00e0 la fois de m\u2019exercer dans plusieurs branches de la communication, mais aussi de d\u00e9finir plus pr\u00e9cis\u00e9ment mes pr\u00e9f\u00e9rences parmi celles-ci.<\/p><\/div><\/div><\/div>\t\t\t\t\t\t<\/div>\n\t\t\t\t<\/div>\n\t\t\t\t\t<\/div>\n\t\t\t\t<\/div>\n\t\t<div class=\"elementor-element elementor-element-0f13b1a e-flex e-con-boxed wpr-particle-no wpr-jarallax-no wpr-parallax-no wpr-sticky-section-no e-con e-parent\" data-id=\"0f13b1a\" data-element_type=\"container\" data-settings=\"{&quot;content_width&quot;:&quot;boxed&quot;}\" data-core-v316-plus=\"true\">\n\t\t\t\t\t<div class=\"e-con-inner\">\n\t\t\t\t<div class=\"elementor-element elementor-element-129068e elementor-widget elementor-widget-image\" data-id=\"129068e\" data-element_type=\"widget\" data-widget_type=\"image.default\">\n\t\t\t\t<div class=\"elementor-widget-container\">\n\t\t\t<style>\/*! elementor - v3.19.0 - 29-01-2024 *\/\n.elementor-widget-image{text-align:center}.elementor-widget-image a{display:inline-block}.elementor-widget-image a img[src$=\".svg\"]{width:48px}.elementor-widget-image img{vertical-align:middle;display:inline-block}<\/style>\t\t\t\t\t\t\t\t\t\t<img decoding=\"async\" width=\"300\" height=\"108\" src=\"https:\/\/tisserand-boubes.fr\/wp-content\/uploads\/2025\/03\/chu-de-besancon_logo-300x108-1.png\" class=\"attachment-large size-large wp-image-1554\" alt=\"\" sizes=\"100vw\" \/>\t\t\t\t\t\t\t\t\t\t\t\t\t<\/div>\n\t\t\t\t<\/div>\n\t\t\t\t\t<\/div>\n\t\t\t\t<\/div>\n\t\t<div class=\"elementor-element elementor-element-59f7eb6 e-flex e-con-boxed wpr-particle-no wpr-jarallax-no wpr-parallax-no wpr-sticky-section-no e-con e-parent\" data-id=\"59f7eb6\" data-element_type=\"container\" data-settings=\"{&quot;content_width&quot;:&quot;boxed&quot;}\" data-core-v316-plus=\"true\">\n\t\t\t\t\t<div class=\"e-con-inner\">\n\t\t\t\t<div class=\"elementor-element elementor-element-761d8c7 elementor-widget elementor-widget-spacer\" data-id=\"761d8c7\" data-element_type=\"widget\" data-widget_type=\"spacer.default\">\n\t\t\t\t<div class=\"elementor-widget-container\">\n\t\t\t<style>\/*! elementor - v3.19.0 - 29-01-2024 *\/\n.elementor-column .elementor-spacer-inner{height:var(--spacer-size)}.e-con{--container-widget-width:100%}.e-con-inner>.elementor-widget-spacer,.e-con>.elementor-widget-spacer{width:var(--container-widget-width,var(--spacer-size));--align-self:var(--container-widget-align-self,initial);--flex-shrink:0}.e-con-inner>.elementor-widget-spacer>.elementor-widget-container,.e-con>.elementor-widget-spacer>.elementor-widget-container{height:100%;width:100%}.e-con-inner>.elementor-widget-spacer>.elementor-widget-container>.elementor-spacer,.e-con>.elementor-widget-spacer>.elementor-widget-container>.elementor-spacer{height:100%}.e-con-inner>.elementor-widget-spacer>.elementor-widget-container>.elementor-spacer>.elementor-spacer-inner,.e-con>.elementor-widget-spacer>.elementor-widget-container>.elementor-spacer>.elementor-spacer-inner{height:var(--container-widget-height,var(--spacer-size))}.e-con-inner>.elementor-widget-spacer.elementor-widget-empty,.e-con>.elementor-widget-spacer.elementor-widget-empty{position:relative;min-height:22px;min-width:22px}.e-con-inner>.elementor-widget-spacer.elementor-widget-empty .elementor-widget-empty-icon,.e-con>.elementor-widget-spacer.elementor-widget-empty .elementor-widget-empty-icon{position:absolute;top:0;bottom:0;left:0;right:0;margin:auto;padding:0;width:22px;height:22px}<\/style>\t\t<div class=\"elementor-spacer\">\n\t\t\t<div class=\"elementor-spacer-inner\"><\/div>\n\t\t<\/div>\n\t\t\t\t<\/div>\n\t\t\t\t<\/div>\n\t\t\t\t<div class=\"elementor-element elementor-element-f59fb13 elementor-widget elementor-widget-heading\" data-id=\"f59fb13\" data-element_type=\"widget\" data-widget_type=\"heading.default\">\n\t\t\t\t<div class=\"elementor-widget-container\">\n\t\t\t<h2 class=\"elementor-heading-title elementor-size-default\">Mes missions <\/h2>\t\t<\/div>\n\t\t\t\t<\/div>\n\t\t\t\t\t<\/div>\n\t\t\t\t<\/div>\n\t\t<div class=\"elementor-element elementor-element-374b770 e-flex e-con-boxed wpr-particle-no wpr-jarallax-no wpr-parallax-no wpr-sticky-section-no e-con e-parent\" data-id=\"374b770\" data-element_type=\"container\" data-settings=\"{&quot;content_width&quot;:&quot;boxed&quot;}\" data-core-v316-plus=\"true\">\n\t\t\t\t\t<div class=\"e-con-inner\">\n\t\t\t\t<div class=\"elementor-element elementor-element-7844760 elementor-widget elementor-widget-text-editor\" data-id=\"7844760\" data-element_type=\"widget\" data-widget_type=\"text-editor.default\">\n\t\t\t\t<div class=\"elementor-widget-container\">\n\t\t\t\t\t\t\t<div><div><ul><li><strong>R\u00e9alisation de portraits d\u2019agents et de m\u00e9tiers du CHU<\/strong><\/li><\/ul><\/div><\/div>\t\t\t\t\t\t<\/div>\n\t\t\t\t<\/div>\n\t\t\t\t\t<\/div>\n\t\t\t\t<\/div>\n\t\t<div class=\"elementor-element elementor-element-602ec33 e-flex e-con-boxed wpr-particle-no wpr-jarallax-no wpr-parallax-no wpr-sticky-section-no e-con e-parent\" data-id=\"602ec33\" data-element_type=\"container\" data-settings=\"{&quot;content_width&quot;:&quot;boxed&quot;}\" data-core-v316-plus=\"true\">\n\t\t\t\t\t<div class=\"e-con-inner\">\n\t\t\t\t<div class=\"elementor-element elementor-element-9e7d5f4 elementor-widget elementor-widget-text-editor\" data-id=\"9e7d5f4\" data-element_type=\"widget\" data-widget_type=\"text-editor.default\">\n\t\t\t\t<div class=\"elementor-widget-container\">\n\t\t\t\t\t\t\t<div><div><p>Dans un objectif de valorisation et de d\u00e9veloppement de l\u2019attractivit\u00e9 du CHU en qualit\u00e9 d\u2019employeur, je suis amen\u00e9e \u00e0 r\u00e9aliser des \u00ab focus m\u00e9tier \u00bb ou encore des portraits d\u2019agents de l\u2019h\u00f4pital.<\/p><p>Ce sont des m\u00e9tiers peu connus, ou auxquels on pense peu quand on pense aux m\u00e9tiers pr\u00e9sents dans un h\u00f4pital, que nous choisissons de pr\u00e9senter sur les r\u00e9seaux sociaux du CHU de Besan\u00e7on. Pour r\u00e9aliser ces \u00ab focus m\u00e9tier \u00bb, je rencontre des agents qui effectuent ce m\u00e9tier au sein du CHU et je les interview en essayant d\u2019en apprendre le plus possible sur leur activit\u00e9 : en quoi consiste leur m\u00e9tier, leurs missions, les comp\u00e9tences et qualit\u00e9s requises pour l\u2019effectuer ou encore la formation n\u00e9cessaire. Une fois ces informations r\u00e9colt\u00e9es, je les retranscris sous la forme d\u2019une publication qui sera diffus\u00e9e sur les r\u00e9seaux sociaux du CHU, \u00e0 savoir LinkedIn, Facebook et Instagram.<\/p><div><div><p>Pour les portraits d\u2019agents du CHU, je rencontre des personnes qui pratiquent une activit\u00e9 en plus de leur travail au CHU, comme par exemple un sport \u00e0 un haut niveau, la musique \u00e0 un niveau professionnel ou encore l\u2019\u00e9criture de livres qui sont publi\u00e9s chez un \u00e9diteur. J\u2019op\u00e8re de la m\u00eame mani\u00e8re que pour les \u00ab focus m\u00e9tier \u00bb en pr\u00e9parant des questions puis en rencontrant les agents en question afin de les interviewer. Ensuite, la forme de r\u00e9daction est un peu diff\u00e9rente, les portraits \u00e9tant plus longs que les \u00ab focus m\u00e9tier \u00bb puisqu\u2019ils sont publi\u00e9s sur le site internet du CHU. Ces portraits ont pour but de montrer \u00e0 des personnes qui souhaiteraient travailler au CHU qu\u2019il est tout \u00e0 fait possible d\u2019allier sa profession au CHU avec une activit\u00e9 externe.<\/p><\/div><\/div><\/div><\/div>\t\t\t\t\t\t<\/div>\n\t\t\t\t<\/div>\n\t\t\t\t\t<\/div>\n\t\t\t\t<\/div>\n\t\t<div class=\"elementor-element elementor-element-440b17d e-flex e-con-boxed wpr-particle-no wpr-jarallax-no wpr-parallax-no wpr-sticky-section-no e-con e-parent\" data-id=\"440b17d\" data-element_type=\"container\" data-settings=\"{&quot;content_width&quot;:&quot;boxed&quot;}\" data-core-v316-plus=\"true\">\n\t\t\t\t\t<div class=\"e-con-inner\">\n\t\t\t\t<div class=\"elementor-element elementor-element-62f0761 elementor-widget elementor-widget-spacer\" data-id=\"62f0761\" data-element_type=\"widget\" data-widget_type=\"spacer.default\">\n\t\t\t\t<div class=\"elementor-widget-container\">\n\t\t\t\t\t<div class=\"elementor-spacer\">\n\t\t\t<div class=\"elementor-spacer-inner\"><\/div>\n\t\t<\/div>\n\t\t\t\t<\/div>\n\t\t\t\t<\/div>\n\t\t\t\t<div class=\"elementor-element elementor-element-69967e4 elementor-widget elementor-widget-text-editor\" data-id=\"69967e4\" data-element_type=\"widget\" data-widget_type=\"text-editor.default\">\n\t\t\t\t<div class=\"elementor-widget-container\">\n\t\t\t\t\t\t\t<div><div><ul><li><strong>Cr\u00e9ation de contenu pour les r\u00e9seaux sociaux<\/strong><\/li><\/ul><\/div><\/div>\t\t\t\t\t\t<\/div>\n\t\t\t\t<\/div>\n\t\t\t\t<div class=\"elementor-element elementor-element-34e06d8 elementor-widget elementor-widget-text-editor\" data-id=\"34e06d8\" data-element_type=\"widget\" data-widget_type=\"text-editor.default\">\n\t\t\t\t<div class=\"elementor-widget-container\">\n\t\t\t\t\t\t\t<div><div><p>Je suis amen\u00e9e \u00e0 produire du contenu pour les r\u00e9seaux sociaux du CHU de Besan\u00e7on, pour notamment communiquer sur les chiffres cl\u00e9s de l\u2019h\u00f4pital, \u00e0 l\u2019occasion de journ\u00e9es nationales ou internationales li\u00e9es \u00e0 la sant\u00e9 ou encore pour annoncer et faire la promotion d\u2019\u00e9v\u00e9nements ayant lieu au sein de l\u2019h\u00f4pital. Ces contenus sont produits et adapt\u00e9s pour chaque r\u00e9seau social de l\u2019h\u00f4pital : carrousels, stories, posts classiques, etc.<\/p><div><div><p>Lors de mon alternance, j\u2019ai appris \u00e0 utiliser le gestionnaire de r\u00e9seaux sociaux \u00ab Agorapulse \u00bb qui permet de programmer et d\u2019organiser la publication de contenu sur les r\u00e9seaux comme Instagram, Facebook ou encore LinkedIn.<\/p><\/div><\/div><\/div><\/div>\t\t\t\t\t\t<\/div>\n\t\t\t\t<\/div>\n\t\t\t\t<div class=\"elementor-element elementor-element-4365e5a elementor-widget elementor-widget-spacer\" data-id=\"4365e5a\" data-element_type=\"widget\" data-widget_type=\"spacer.default\">\n\t\t\t\t<div class=\"elementor-widget-container\">\n\t\t\t\t\t<div class=\"elementor-spacer\">\n\t\t\t<div class=\"elementor-spacer-inner\"><\/div>\n\t\t<\/div>\n\t\t\t\t<\/div>\n\t\t\t\t<\/div>\n\t\t\t\t\t<\/div>\n\t\t\t\t<\/div>\n\t\t<div class=\"elementor-element elementor-element-6ff83b3 e-flex e-con-boxed wpr-particle-no wpr-jarallax-no wpr-parallax-no wpr-sticky-section-no e-con e-parent\" data-id=\"6ff83b3\" data-element_type=\"container\" data-settings=\"{&quot;content_width&quot;:&quot;boxed&quot;}\" data-core-v316-plus=\"true\">\n\t\t\t\t\t<div class=\"e-con-inner\">\n\t\t\t\t<div class=\"elementor-element elementor-element-b679dbe elementor-widget elementor-widget-text-editor\" data-id=\"b679dbe\" data-element_type=\"widget\" data-widget_type=\"text-editor.default\">\n\t\t\t\t<div class=\"elementor-widget-container\">\n\t\t\t\t\t\t\t<ul><li><strong>Refonte du site web du CHU de Besan\u00e7on<\/strong><\/li><\/ul>\t\t\t\t\t\t<\/div>\n\t\t\t\t<\/div>\n\t\t\t\t\t<\/div>\n\t\t\t\t<\/div>\n\t\t<div class=\"elementor-element elementor-element-1d095ce e-flex e-con-boxed wpr-particle-no wpr-jarallax-no wpr-parallax-no wpr-sticky-section-no e-con e-parent\" data-id=\"1d095ce\" data-element_type=\"container\" data-settings=\"{&quot;content_width&quot;:&quot;boxed&quot;}\" data-core-v316-plus=\"true\">\n\t\t\t\t\t<div class=\"e-con-inner\">\n\t\t\t\t<div class=\"elementor-element elementor-element-2fbdb99 elementor-widget elementor-widget-text-editor\" data-id=\"2fbdb99\" data-element_type=\"widget\" data-widget_type=\"text-editor.default\">\n\t\t\t\t<div class=\"elementor-widget-container\">\n\t\t\t\t\t\t\t<p>Dans un objectif de refonte du site internet du CHU de Besan\u00e7on, l\u2019une de mes missions principales s\u2019articule autour de la r\u00e9alisation du cahier des charges de ce projet. Pour cela, j\u2019ai effectu\u00e9 une analyse et un listage des diff\u00e9rentes composantes du site d\u00e9j\u00e0 existantes : activit\u00e9s de l\u2019h\u00f4pital, p\u00f4les, services, etc. Une fois r\u00e9pertori\u00e9 sous forme de tableaux Excel, le listage de ces informations permet de les quantifier et de d\u00e9terminer lesquelles il est utile de conserver au moment de la refonte, afin d\u2019optimiser l\u2019exp\u00e9rience utilisateur sur le nouveau site web.<\/p><div><div><p>Dans un second temps, j\u2019ai commenc\u00e9 \u00e0 produire des maquettes pour les diff\u00e9rents types de pages que contiendra le nouveau site web : page d\u2019accueil, page des services m\u00e9dicaux, des actualit\u00e9s, des pathologies et des activit\u00e9s.<\/p><\/div><div><p><em>Cette mission est en cours, visuels \u00e0 venir.<\/em><\/p><\/div><\/div>\t\t\t\t\t\t<\/div>\n\t\t\t\t<\/div>\n\t\t\t\t\t<\/div>\n\t\t\t\t<\/div>\n\t\t\t\t<\/div>\n\t\t","protected":false},"excerpt":{"rendered":"<p>Exp\u00e9rience professionnelle en cours J\u2019ai d\u00e9cid\u00e9 d\u2019opter pour la formation en alternance pour ma troisi\u00e8me et derni\u00e8re ann\u00e9e de bachelor en information-communication et j\u2019ai eu la chance d\u2019int\u00e9grer le service de la Direction de la Communication, de la Culture et du M\u00e9c\u00e9nat du CHU de Besan\u00e7on. L\u2019occasion de mettre en pratique les connaissances que m\u2019auront &hellip; <\/p>\n<p class=\"link-more\"><a href=\"https:\/\/tisserand-boubes.fr\/?page_id=1352\" class=\"more-link\">Read more<span class=\"screen-reader-text\"> &#8220;Mon Alternance au CHU de Besan\u00e7on&#8221;<\/span><\/a><\/p>\n","protected":false},"author":1,"featured_media":0,"parent":0,"menu_order":0,"comment_status":"closed","ping_status":"closed","template":"","meta":{"footnotes":""},"class_list":["post-1352","page","type-page","status-publish","hentry"],"yoast_head":"<!-- This site is optimized with the Yoast SEO plugin v22.2 - https:\/\/yoast.com\/wordpress\/plugins\/seo\/ -->\n<title>Mon Alternance au CHU de Besan\u00e7on - Portfolio<\/title>\n<meta name=\"robots\" content=\"index, follow, max-snippet:-1, max-image-preview:large, max-video-preview:-1\" \/>\n<link rel=\"canonical\" href=\"https:\/\/tisserand-boubes.fr\/?page_id=1352\" \/>\n<meta property=\"og:locale\" content=\"en_US\" \/>\n<meta property=\"og:type\" content=\"article\" \/>\n<meta property=\"og:title\" content=\"Mon Alternance au CHU de Besan\u00e7on - Portfolio\" \/>\n<meta property=\"og:description\" content=\"Exp\u00e9rience professionnelle en cours J\u2019ai d\u00e9cid\u00e9 d\u2019opter pour la formation en alternance pour ma troisi\u00e8me et derni\u00e8re ann\u00e9e de bachelor en information-communication et j\u2019ai eu la chance d\u2019int\u00e9grer le service de la Direction de la Communication, de la Culture et du M\u00e9c\u00e9nat du CHU de Besan\u00e7on. L\u2019occasion de mettre en pratique les connaissances que m\u2019auront &hellip; Read more &quot;Mon Alternance au CHU de Besan\u00e7on&quot;\" \/>\n<meta property=\"og:url\" content=\"https:\/\/tisserand-boubes.fr\/?page_id=1352\" \/>\n<meta property=\"og:site_name\" content=\"Portfolio\" \/>\n<meta property=\"article:modified_time\" content=\"2025-03-03T23:24:25+00:00\" \/>\n<meta property=\"og:image\" content=\"http:\/\/tisserand-boubes.fr\/wp-content\/uploads\/2025\/03\/chu-de-besancon_logo-300x108-1.png\" \/>\n<meta name=\"twitter:card\" content=\"summary_large_image\" \/>\n<meta name=\"twitter:label1\" content=\"Est. reading time\" \/>\n\t<meta name=\"twitter:data1\" content=\"4 minutes\" \/>\n<script type=\"application\/ld+json\" class=\"yoast-schema-graph\">{\"@context\":\"https:\/\/schema.org\",\"@graph\":[{\"@type\":\"WebPage\",\"@id\":\"https:\/\/tisserand-boubes.fr\/?page_id=1352\",\"url\":\"https:\/\/tisserand-boubes.fr\/?page_id=1352\",\"name\":\"Mon Alternance au CHU de Besan\u00e7on - Portfolio\",\"isPartOf\":{\"@id\":\"https:\/\/tisserand-boubes.fr\/#website\"},\"primaryImageOfPage\":{\"@id\":\"https:\/\/tisserand-boubes.fr\/?page_id=1352#primaryimage\"},\"image\":{\"@id\":\"https:\/\/tisserand-boubes.fr\/?page_id=1352#primaryimage\"},\"thumbnailUrl\":\"http:\/\/tisserand-boubes.fr\/wp-content\/uploads\/2025\/03\/chu-de-besancon_logo-300x108-1.png\",\"datePublished\":\"2024-11-07T09:39:43+00:00\",\"dateModified\":\"2025-03-03T23:24:25+00:00\",\"breadcrumb\":{\"@id\":\"https:\/\/tisserand-boubes.fr\/?page_id=1352#breadcrumb\"},\"inLanguage\":\"en-US\",\"potentialAction\":[{\"@type\":\"ReadAction\",\"target\":[\"https:\/\/tisserand-boubes.fr\/?page_id=1352\"]}]},{\"@type\":\"ImageObject\",\"inLanguage\":\"en-US\",\"@id\":\"https:\/\/tisserand-boubes.fr\/?page_id=1352#primaryimage\",\"url\":\"https:\/\/tisserand-boubes.fr\/wp-content\/uploads\/2025\/03\/chu-de-besancon_logo-300x108-1.png\",\"contentUrl\":\"https:\/\/tisserand-boubes.fr\/wp-content\/uploads\/2025\/03\/chu-de-besancon_logo-300x108-1.png\",\"width\":300,\"height\":108},{\"@type\":\"BreadcrumbList\",\"@id\":\"https:\/\/tisserand-boubes.fr\/?page_id=1352#breadcrumb\",\"itemListElement\":[{\"@type\":\"ListItem\",\"position\":1,\"name\":\"Accueil\",\"item\":\"https:\/\/tisserand-boubes.fr\/\"},{\"@type\":\"ListItem\",\"position\":2,\"name\":\"Mon Alternance au CHU de Besan\u00e7on\"}]},{\"@type\":\"WebSite\",\"@id\":\"https:\/\/tisserand-boubes.fr\/#website\",\"url\":\"https:\/\/tisserand-boubes.fr\/\",\"name\":\"Portfolio\",\"description\":\"\",\"potentialAction\":[{\"@type\":\"SearchAction\",\"target\":{\"@type\":\"EntryPoint\",\"urlTemplate\":\"https:\/\/tisserand-boubes.fr\/?s={search_term_string}\"},\"query-input\":\"required name=search_term_string\"}],\"inLanguage\":\"en-US\"}]}<\/script>\n<!-- \/ Yoast SEO plugin. -->","yoast_head_json":{"title":"Mon Alternance au CHU de Besan\u00e7on - Portfolio","robots":{"index":"index","follow":"follow","max-snippet":"max-snippet:-1","max-image-preview":"max-image-preview:large","max-video-preview":"max-video-preview:-1"},"canonical":"https:\/\/tisserand-boubes.fr\/?page_id=1352","og_locale":"en_US","og_type":"article","og_title":"Mon Alternance au CHU de Besan\u00e7on - Portfolio","og_description":"Exp\u00e9rience professionnelle en cours J\u2019ai d\u00e9cid\u00e9 d\u2019opter pour la formation en alternance pour ma troisi\u00e8me et derni\u00e8re ann\u00e9e de bachelor en information-communication et j\u2019ai eu la chance d\u2019int\u00e9grer le service de la Direction de la Communication, de la Culture et du M\u00e9c\u00e9nat du CHU de Besan\u00e7on. L\u2019occasion de mettre en pratique les connaissances que m\u2019auront &hellip; Read more \"Mon Alternance au CHU de Besan\u00e7on\"","og_url":"https:\/\/tisserand-boubes.fr\/?page_id=1352","og_site_name":"Portfolio","article_modified_time":"2025-03-03T23:24:25+00:00","og_image":[{"url":"http:\/\/tisserand-boubes.fr\/wp-content\/uploads\/2025\/03\/chu-de-besancon_logo-300x108-1.png"}],"twitter_card":"summary_large_image","twitter_misc":{"Est. reading time":"4 minutes"},"schema":{"@context":"https:\/\/schema.org","@graph":[{"@type":"WebPage","@id":"https:\/\/tisserand-boubes.fr\/?page_id=1352","url":"https:\/\/tisserand-boubes.fr\/?page_id=1352","name":"Mon Alternance au CHU de Besan\u00e7on - Portfolio","isPartOf":{"@id":"https:\/\/tisserand-boubes.fr\/#website"},"primaryImageOfPage":{"@id":"https:\/\/tisserand-boubes.fr\/?page_id=1352#primaryimage"},"image":{"@id":"https:\/\/tisserand-boubes.fr\/?page_id=1352#primaryimage"},"thumbnailUrl":"http:\/\/tisserand-boubes.fr\/wp-content\/uploads\/2025\/03\/chu-de-besancon_logo-300x108-1.png","datePublished":"2024-11-07T09:39:43+00:00","dateModified":"2025-03-03T23:24:25+00:00","breadcrumb":{"@id":"https:\/\/tisserand-boubes.fr\/?page_id=1352#breadcrumb"},"inLanguage":"en-US","potentialAction":[{"@type":"ReadAction","target":["https:\/\/tisserand-boubes.fr\/?page_id=1352"]}]},{"@type":"ImageObject","inLanguage":"en-US","@id":"https:\/\/tisserand-boubes.fr\/?page_id=1352#primaryimage","url":"https:\/\/tisserand-boubes.fr\/wp-content\/uploads\/2025\/03\/chu-de-besancon_logo-300x108-1.png","contentUrl":"https:\/\/tisserand-boubes.fr\/wp-content\/uploads\/2025\/03\/chu-de-besancon_logo-300x108-1.png","width":300,"height":108},{"@type":"BreadcrumbList","@id":"https:\/\/tisserand-boubes.fr\/?page_id=1352#breadcrumb","itemListElement":[{"@type":"ListItem","position":1,"name":"Accueil","item":"https:\/\/tisserand-boubes.fr\/"},{"@type":"ListItem","position":2,"name":"Mon Alternance au CHU de Besan\u00e7on"}]},{"@type":"WebSite","@id":"https:\/\/tisserand-boubes.fr\/#website","url":"https:\/\/tisserand-boubes.fr\/","name":"Portfolio","description":"","potentialAction":[{"@type":"SearchAction","target":{"@type":"EntryPoint","urlTemplate":"https:\/\/tisserand-boubes.fr\/?s={search_term_string}"},"query-input":"required name=search_term_string"}],"inLanguage":"en-US"}]}},"_links":{"self":[{"href":"https:\/\/tisserand-boubes.fr\/index.php?rest_route=\/wp\/v2\/pages\/1352","targetHints":{"allow":["GET"]}}],"collection":[{"href":"https:\/\/tisserand-boubes.fr\/index.php?rest_route=\/wp\/v2\/pages"}],"about":[{"href":"https:\/\/tisserand-boubes.fr\/index.php?rest_route=\/wp\/v2\/types\/page"}],"author":[{"embeddable":true,"href":"https:\/\/tisserand-boubes.fr\/index.php?rest_route=\/wp\/v2\/users\/1"}],"replies":[{"embeddable":true,"href":"https:\/\/tisserand-boubes.fr\/index.php?rest_route=%2Fwp%2Fv2%2Fcomments&post=1352"}],"version-history":[{"count":10,"href":"https:\/\/tisserand-boubes.fr\/index.php?rest_route=\/wp\/v2\/pages\/1352\/revisions"}],"predecessor-version":[{"id":1564,"href":"https:\/\/tisserand-boubes.fr\/index.php?rest_route=\/wp\/v2\/pages\/1352\/revisions\/1564"}],"wp:attachment":[{"href":"https:\/\/tisserand-boubes.fr\/index.php?rest_route=%2Fwp%2Fv2%2Fmedia&parent=1352"}],"curies":[{"name":"wp","href":"https:\/\/api.w.org\/{rel}","templated":true}]}}