{"id":162,"date":"2024-02-13T09:08:39","date_gmt":"2024-02-13T08:08:39","guid":{"rendered":"https:\/\/tisserand-boubes.fr\/?page_id=162"},"modified":"2024-03-19T10:04:45","modified_gmt":"2024-03-19T09:04:45","slug":"projets","status":"publish","type":"page","link":"https:\/\/tisserand-boubes.fr\/?page_id=162","title":{"rendered":"Projets"},"content":{"rendered":"\t\t<div data-elementor-type=\"wp-page\" data-elementor-id=\"162\" class=\"elementor elementor-162\">\n\t\t\t\t<div class=\"elementor-element elementor-element-f6f39be e-flex e-con-boxed wpr-particle-no wpr-jarallax-no wpr-parallax-no wpr-sticky-section-no e-con e-parent\" data-id=\"f6f39be\" data-element_type=\"container\" data-settings=\"{&quot;content_width&quot;:&quot;boxed&quot;}\" data-core-v316-plus=\"true\">\n\t\t\t\t\t<div class=\"e-con-inner\">\n\t\t\t\t<div class=\"elementor-element elementor-element-7fdb036 elementor-widget elementor-widget-text-editor\" data-id=\"7fdb036\" data-element_type=\"widget\" data-widget_type=\"text-editor.default\">\n\t\t\t\t<div class=\"elementor-widget-container\">\n\t\t\t<style>\/*! elementor - v3.19.0 - 29-01-2024 *\/\n.elementor-widget-text-editor.elementor-drop-cap-view-stacked .elementor-drop-cap{background-color:#69727d;color:#fff}.elementor-widget-text-editor.elementor-drop-cap-view-framed .elementor-drop-cap{color:#69727d;border:3px solid;background-color:transparent}.elementor-widget-text-editor:not(.elementor-drop-cap-view-default) .elementor-drop-cap{margin-top:8px}.elementor-widget-text-editor:not(.elementor-drop-cap-view-default) .elementor-drop-cap-letter{width:1em;height:1em}.elementor-widget-text-editor .elementor-drop-cap{float:left;text-align:center;line-height:1;font-size:50px}.elementor-widget-text-editor .elementor-drop-cap-letter{display:inline-block}<\/style>\t\t\t\t<p>Ici, d\u00e9couvrez mes projets \u00e9tudiants qui me forment et me pr\u00e9parent pour mon futur de communicante !<\/p><p>Cliquez sur les titres ci-dessous pour acc\u00e9der aux onglets :<\/p><div>\u00a0<\/div>\t\t\t\t\t\t<\/div>\n\t\t\t\t<\/div>\n\t\t\t\t\t<\/div>\n\t\t\t\t<\/div>\n\t\t<div class=\"elementor-element elementor-element-f3fcaf6 e-flex e-con-boxed wpr-particle-no wpr-jarallax-no wpr-parallax-no wpr-sticky-section-no e-con e-parent\" data-id=\"f3fcaf6\" data-element_type=\"container\" data-settings=\"{&quot;content_width&quot;:&quot;boxed&quot;}\" data-core-v316-plus=\"true\">\n\t\t\t\t\t<div class=\"e-con-inner\">\n\t\t\t\t<div class=\"elementor-element elementor-element-d44db03 eael-fg-card-content-align-left elementor-widget elementor-widget-eael-filterable-gallery\" data-id=\"d44db03\" data-element_type=\"widget\" data-settings=\"{&quot;photo_gallery&quot;:&quot;yes&quot;,&quot;pagination&quot;:&quot;false&quot;}\" data-widget_type=\"eael-filterable-gallery.default\">\n\t\t\t\t<div class=\"elementor-widget-container\">\n\t\t\t<style id=\"eael-fg-inline-css-d44db03\">@media only screen and (max-width: 2399px) {\n\t\t\t\t\t.elementor-element.elementor-element-d44db03 .eael-filterable-gallery-item-wrap {\n\t\t\t\t\t        width: 33.333333333333%;\n\t\t\t\t\t    }\n\t\t\t\t\t}@media only screen and (max-width: 1024px) {\n\t\t\t\t\t.elementor-element.elementor-element-d44db03  .eael-filterable-gallery-item-wrap {\n\t\t\t\t\t        width: 50%;\n\t\t\t\t\t    }\n\t\t\t\t\t}@media only screen and (max-width: 767px) {\n\t\t\t\t\t.elementor-element.elementor-element-d44db03  .eael-filterable-gallery-item-wrap {\n\t\t\t\t\t        width: 100%;\n\t\t\t\t\t    }\n\t\t\t\t\t}<\/style>        <div id=\"eael-filter-gallery-wrapper-d44db03\" class=\"eael-filter-gallery-wrapper\" data-layout-mode=\"card\" data-breakpoints=\"{&quot;mobile&quot;:{&quot;label&quot;:&quot;Mobile Portrait&quot;,&quot;value&quot;:767,&quot;default_value&quot;:767,&quot;direction&quot;:&quot;max&quot;,&quot;is_enabled&quot;:true},&quot;mobile_extra&quot;:{&quot;label&quot;:&quot;Mobile Landscape&quot;,&quot;value&quot;:880,&quot;default_value&quot;:880,&quot;direction&quot;:&quot;max&quot;,&quot;is_enabled&quot;:false},&quot;tablet&quot;:{&quot;label&quot;:&quot;Tablet Portrait&quot;,&quot;value&quot;:1024,&quot;default_value&quot;:1024,&quot;direction&quot;:&quot;max&quot;,&quot;is_enabled&quot;:true},&quot;tablet_extra&quot;:{&quot;label&quot;:&quot;Tablet Landscape&quot;,&quot;value&quot;:1200,&quot;default_value&quot;:1200,&quot;direction&quot;:&quot;max&quot;,&quot;is_enabled&quot;:false},&quot;laptop&quot;:{&quot;label&quot;:&quot;Laptop&quot;,&quot;value&quot;:1366,&quot;default_value&quot;:1366,&quot;direction&quot;:&quot;max&quot;,&quot;is_enabled&quot;:false},&quot;widescreen&quot;:{&quot;label&quot;:&quot;Widescreen&quot;,&quot;value&quot;:2400,&quot;default_value&quot;:2400,&quot;direction&quot;:&quot;min&quot;,&quot;is_enabled&quot;:false}}\" data-default_control_key=\"0\" data-custom_default_control=\"1\">\n            \n            \n            <div class=\"eael-filter-gallery-container eael-filter-gallery-grid\" data-images-per-page=\"\" data-total-gallery-items=\"3\" data-nomore-item-text=\"\" data-settings=\"{&quot;grid_style&quot;:&quot;grid&quot;,&quot;popup&quot;:&quot;none&quot;,&quot;duration&quot;:500,&quot;gallery_enabled&quot;:&quot;yes&quot;,&quot;video_gallery_yt_privacy&quot;:&quot;&quot;,&quot;control_all_text&quot;:null,&quot;post_id&quot;:162,&quot;widget_id&quot;:&quot;d44db03&quot;}\" data-search-all=\"\" data-gallery-items=\"[&quot;\\u003Cdiv class=\\u0022eael-filterable-gallery-item-wrap\\u0022\\u003E\\n\\t\\t\\t\\t\\u003Cdiv class=\\u0022eael-gallery-grid-item\\u0022\\u003E\\u003Cdiv class=\\u0022gallery-item-thumbnail-wrap\\u0022\\u003E\\u003Cimg src=\\u0022http:\\\/\\\/tisserand-boubes.fr\\\/wp-content\\\/uploads\\\/2024\\\/03\\\/Post-banque-populaire-INSTA.png\\u0022 data-lazy-src=\\u0022http:\\\/\\\/tisserand-boubes.fr\\\/wp-content\\\/uploads\\\/2024\\\/03\\\/Post-banque-populaire-INSTA.png\\u0022 alt=\\u0022\\u0022 class=\\u0022gallery-item-thumbnail\\u0022\\u003E\\u003C\\\/div\\u003E\\u003Cdiv class=\\u0022gallery-item-caption-wrap caption-style-card \\u0022\\u003E\\u003Cdiv class=\\u0022gallery-item-caption-over\\u0022\\u003E\\u003Ca href=\\u0022https:\\\/\\\/tisserand-boubes.fr\\\/?page_id=214\\u0022 target=\\u0022_blank\\u0022\\u003E\\u003Ch5 class=\\u0022fg-item-title\\u0022\\u003EMes productions\\u003C\\\/h5\\u003E\\u003C\\\/a\\u003E\\u003C\\\/div\\u003E\\u003C\\\/div\\u003E\\u003C\\\/div\\u003E\\u003C\\\/div\\u003E&quot;,&quot;\\u003Cdiv class=\\u0022eael-filterable-gallery-item-wrap\\u0022\\u003E\\n\\t\\t\\t\\t\\u003Cdiv class=\\u0022eael-gallery-grid-item\\u0022\\u003E\\u003Cdiv class=\\u0022gallery-item-thumbnail-wrap\\u0022\\u003E\\u003Cimg src=\\u0022http:\\\/\\\/tisserand-boubes.fr\\\/wp-content\\\/uploads\\\/2024\\\/03\\\/couv-mag-in-besac-3.png\\u0022 data-lazy-src=\\u0022http:\\\/\\\/tisserand-boubes.fr\\\/wp-content\\\/uploads\\\/2024\\\/03\\\/couv-mag-in-besac-3.png\\u0022 alt=\\u0022\\u0022 class=\\u0022gallery-item-thumbnail\\u0022\\u003E\\u003C\\\/div\\u003E\\u003Cdiv class=\\u0022gallery-item-caption-wrap caption-style-card \\u0022\\u003E\\u003Cdiv class=\\u0022gallery-item-caption-over\\u0022\\u003E\\u003Ca href=\\u0022https:\\\/\\\/tisserand-boubes.fr\\\/?page_id=178\\u0022 target=\\u0022_blank\\u0022\\u003E\\u003Ch5 class=\\u0022fg-item-title\\u0022\\u003EMag\\u0027in Besac\\u003C\\\/h5\\u003E\\u003C\\\/a\\u003E\\u003C\\\/div\\u003E\\u003C\\\/div\\u003E\\u003C\\\/div\\u003E\\u003C\\\/div\\u003E&quot;,&quot;\\u003Cdiv class=\\u0022eael-filterable-gallery-item-wrap\\u0022\\u003E\\n\\t\\t\\t\\t\\u003Cdiv class=\\u0022eael-gallery-grid-item\\u0022\\u003E\\u003Cdiv class=\\u0022gallery-item-thumbnail-wrap\\u0022\\u003E\\u003Cimg src=\\u0022http:\\\/\\\/tisserand-boubes.fr\\\/wp-content\\\/uploads\\\/2024\\\/03\\\/maestra-1.png\\u0022 data-lazy-src=\\u0022http:\\\/\\\/tisserand-boubes.fr\\\/wp-content\\\/uploads\\\/2024\\\/03\\\/maestra-1.png\\u0022 alt=\\u0022\\u0022 class=\\u0022gallery-item-thumbnail\\u0022\\u003E\\u003C\\\/div\\u003E\\u003Cdiv class=\\u0022gallery-item-caption-wrap caption-style-card \\u0022\\u003E\\u003Cdiv class=\\u0022gallery-item-caption-over\\u0022\\u003E\\u003Ca href=\\u0022https:\\\/\\\/tisserand-boubes.fr\\\/?page_id=183\\u0022 target=\\u0022_blank\\u0022\\u003E\\u003Ch5 class=\\u0022fg-item-title\\u0022\\u003EChallenges\\u003C\\\/h5\\u003E\\u003C\\\/a\\u003E\\u003C\\\/div\\u003E\\u003C\\\/div\\u003E\\u003C\\\/div\\u003E\\u003C\\\/div\\u003E&quot;]\" data-init-show=\"3\">\n                <div class=\"eael-filterable-gallery-item-wrap\">\n\t\t\t\t<div class=\"eael-gallery-grid-item\"><div class=\"gallery-item-thumbnail-wrap\"><img decoding=\"async\" src=\"http:\/\/tisserand-boubes.fr\/wp-content\/uploads\/2024\/03\/Post-banque-populaire-INSTA.png\" data-lazy-src=\"http:\/\/tisserand-boubes.fr\/wp-content\/uploads\/2024\/03\/Post-banque-populaire-INSTA.png\" alt=\"\" class=\"gallery-item-thumbnail\"><\/div><div class=\"gallery-item-caption-wrap caption-style-card \"><div class=\"gallery-item-caption-over\"><a href=\"https:\/\/tisserand-boubes.fr\/?page_id=214\" target=\"_blank\"><h5 class=\"fg-item-title\">Mes productions<\/h5><\/a><\/div><\/div><\/div><\/div><div class=\"eael-filterable-gallery-item-wrap\">\n\t\t\t\t<div class=\"eael-gallery-grid-item\"><div class=\"gallery-item-thumbnail-wrap\"><img decoding=\"async\" src=\"http:\/\/tisserand-boubes.fr\/wp-content\/uploads\/2024\/03\/couv-mag-in-besac-3.png\" data-lazy-src=\"http:\/\/tisserand-boubes.fr\/wp-content\/uploads\/2024\/03\/couv-mag-in-besac-3.png\" alt=\"\" class=\"gallery-item-thumbnail\"><\/div><div class=\"gallery-item-caption-wrap caption-style-card \"><div class=\"gallery-item-caption-over\"><a href=\"https:\/\/tisserand-boubes.fr\/?page_id=178\" target=\"_blank\"><h5 class=\"fg-item-title\">Mag'in Besac<\/h5><\/a><\/div><\/div><\/div><\/div><div class=\"eael-filterable-gallery-item-wrap\">\n\t\t\t\t<div class=\"eael-gallery-grid-item\"><div class=\"gallery-item-thumbnail-wrap\"><img decoding=\"async\" src=\"http:\/\/tisserand-boubes.fr\/wp-content\/uploads\/2024\/03\/maestra-1.png\" data-lazy-src=\"http:\/\/tisserand-boubes.fr\/wp-content\/uploads\/2024\/03\/maestra-1.png\" alt=\"\" class=\"gallery-item-thumbnail\"><\/div><div class=\"gallery-item-caption-wrap caption-style-card \"><div class=\"gallery-item-caption-over\"><a href=\"https:\/\/tisserand-boubes.fr\/?page_id=183\" target=\"_blank\"><h5 class=\"fg-item-title\">Challenges<\/h5><\/a><\/div><\/div><\/div><\/div>            <\/div>\n            \n                    <\/div>\n        \n        \t\t<\/div>\n\t\t\t\t<\/div>\n\t\t\t\t<div class=\"elementor-element elementor-element-19112b9 elementor-widget elementor-widget-spacer\" data-id=\"19112b9\" data-element_type=\"widget\" data-widget_type=\"spacer.default\">\n\t\t\t\t<div class=\"elementor-widget-container\">\n\t\t\t<style>\/*! elementor - v3.19.0 - 29-01-2024 *\/\n.elementor-column .elementor-spacer-inner{height:var(--spacer-size)}.e-con{--container-widget-width:100%}.e-con-inner>.elementor-widget-spacer,.e-con>.elementor-widget-spacer{width:var(--container-widget-width,var(--spacer-size));--align-self:var(--container-widget-align-self,initial);--flex-shrink:0}.e-con-inner>.elementor-widget-spacer>.elementor-widget-container,.e-con>.elementor-widget-spacer>.elementor-widget-container{height:100%;width:100%}.e-con-inner>.elementor-widget-spacer>.elementor-widget-container>.elementor-spacer,.e-con>.elementor-widget-spacer>.elementor-widget-container>.elementor-spacer{height:100%}.e-con-inner>.elementor-widget-spacer>.elementor-widget-container>.elementor-spacer>.elementor-spacer-inner,.e-con>.elementor-widget-spacer>.elementor-widget-container>.elementor-spacer>.elementor-spacer-inner{height:var(--container-widget-height,var(--spacer-size))}.e-con-inner>.elementor-widget-spacer.elementor-widget-empty,.e-con>.elementor-widget-spacer.elementor-widget-empty{position:relative;min-height:22px;min-width:22px}.e-con-inner>.elementor-widget-spacer.elementor-widget-empty .elementor-widget-empty-icon,.e-con>.elementor-widget-spacer.elementor-widget-empty .elementor-widget-empty-icon{position:absolute;top:0;bottom:0;left:0;right:0;margin:auto;padding:0;width:22px;height:22px}<\/style>\t\t<div class=\"elementor-spacer\">\n\t\t\t<div class=\"elementor-spacer-inner\"><\/div>\n\t\t<\/div>\n\t\t\t\t<\/div>\n\t\t\t\t<\/div>\n\t\t\t\t\t<\/div>\n\t\t\t\t<\/div>\n\t\t\t\t<\/div>\n\t\t","protected":false},"excerpt":{"rendered":"<p>Ici, d\u00e9couvrez mes projets \u00e9tudiants qui me forment et me pr\u00e9parent pour mon futur de communicante ! Cliquez sur les titres ci-dessous pour acc\u00e9der aux onglets : \u00a0 Mes productions Mag&#8217;in Besac Challenges<\/p>\n","protected":false},"author":1,"featured_media":0,"parent":0,"menu_order":0,"comment_status":"closed","ping_status":"closed","template":"","meta":{"footnotes":""},"class_list":["post-162","page","type-page","status-publish","hentry"],"yoast_head":"<!-- This site is optimized with the Yoast SEO plugin v22.2 - https:\/\/yoast.com\/wordpress\/plugins\/seo\/ -->\n<title>Projets - Portfolio<\/title>\n<meta name=\"description\" content=\"Ici, d\u00e9couvrez mes projets \u00e9tudiants qui me forment et me pr\u00e9parent pour mon futur de communicante : mes productions, Mag&#039;in Besac,...\" \/>\n<meta name=\"robots\" content=\"index, follow, max-snippet:-1, max-image-preview:large, max-video-preview:-1\" \/>\n<link rel=\"canonical\" href=\"https:\/\/tisserand-boubes.fr\/?page_id=162\" \/>\n<meta property=\"og:locale\" content=\"en_US\" \/>\n<meta property=\"og:type\" content=\"article\" \/>\n<meta property=\"og:title\" content=\"Projets - Portfolio\" \/>\n<meta property=\"og:description\" content=\"Ici, d\u00e9couvrez mes projets \u00e9tudiants qui me forment et me pr\u00e9parent pour mon futur de communicante : mes productions, Mag&#039;in Besac,...\" \/>\n<meta property=\"og:url\" content=\"https:\/\/tisserand-boubes.fr\/?page_id=162\" \/>\n<meta property=\"og:site_name\" content=\"Portfolio\" \/>\n<meta property=\"article:modified_time\" content=\"2024-03-19T09:04:45+00:00\" \/>\n<meta property=\"og:image\" content=\"http:\/\/tisserand-boubes.fr\/wp-content\/uploads\/2024\/03\/Post-banque-populaire-INSTA.png\" \/>\n<meta name=\"twitter:card\" content=\"summary_large_image\" \/>\n<meta name=\"twitter:label1\" content=\"Est. reading time\" \/>\n\t<meta name=\"twitter:data1\" content=\"1 minute\" \/>\n<script type=\"application\/ld+json\" class=\"yoast-schema-graph\">{\"@context\":\"https:\/\/schema.org\",\"@graph\":[{\"@type\":\"WebPage\",\"@id\":\"https:\/\/tisserand-boubes.fr\/?page_id=162\",\"url\":\"https:\/\/tisserand-boubes.fr\/?page_id=162\",\"name\":\"Projets - Portfolio\",\"isPartOf\":{\"@id\":\"https:\/\/tisserand-boubes.fr\/#website\"},\"primaryImageOfPage\":{\"@id\":\"https:\/\/tisserand-boubes.fr\/?page_id=162#primaryimage\"},\"image\":{\"@id\":\"https:\/\/tisserand-boubes.fr\/?page_id=162#primaryimage\"},\"thumbnailUrl\":\"http:\/\/tisserand-boubes.fr\/wp-content\/uploads\/2024\/03\/Post-banque-populaire-INSTA.png\",\"datePublished\":\"2024-02-13T08:08:39+00:00\",\"dateModified\":\"2024-03-19T09:04:45+00:00\",\"description\":\"Ici, d\u00e9couvrez mes projets \u00e9tudiants qui me forment et me pr\u00e9parent pour mon futur de communicante : mes productions, Mag'in Besac,...\",\"breadcrumb\":{\"@id\":\"https:\/\/tisserand-boubes.fr\/?page_id=162#breadcrumb\"},\"inLanguage\":\"en-US\",\"potentialAction\":[{\"@type\":\"ReadAction\",\"target\":[\"https:\/\/tisserand-boubes.fr\/?page_id=162\"]}]},{\"@type\":\"ImageObject\",\"inLanguage\":\"en-US\",\"@id\":\"https:\/\/tisserand-boubes.fr\/?page_id=162#primaryimage\",\"url\":\"http:\/\/tisserand-boubes.fr\/wp-content\/uploads\/2024\/03\/Post-banque-populaire-INSTA.png\",\"contentUrl\":\"http:\/\/tisserand-boubes.fr\/wp-content\/uploads\/2024\/03\/Post-banque-populaire-INSTA.png\"},{\"@type\":\"BreadcrumbList\",\"@id\":\"https:\/\/tisserand-boubes.fr\/?page_id=162#breadcrumb\",\"itemListElement\":[{\"@type\":\"ListItem\",\"position\":1,\"name\":\"Accueil\",\"item\":\"https:\/\/tisserand-boubes.fr\/\"},{\"@type\":\"ListItem\",\"position\":2,\"name\":\"Projets\"}]},{\"@type\":\"WebSite\",\"@id\":\"https:\/\/tisserand-boubes.fr\/#website\",\"url\":\"https:\/\/tisserand-boubes.fr\/\",\"name\":\"Portfolio\",\"description\":\"\",\"potentialAction\":[{\"@type\":\"SearchAction\",\"target\":{\"@type\":\"EntryPoint\",\"urlTemplate\":\"https:\/\/tisserand-boubes.fr\/?s={search_term_string}\"},\"query-input\":\"required name=search_term_string\"}],\"inLanguage\":\"en-US\"}]}<\/script>\n<!-- \/ Yoast SEO plugin. -->","yoast_head_json":{"title":"Projets - Portfolio","description":"Ici, d\u00e9couvrez mes projets \u00e9tudiants qui me forment et me pr\u00e9parent pour mon futur de communicante : mes productions, Mag'in Besac,...","robots":{"index":"index","follow":"follow","max-snippet":"max-snippet:-1","max-image-preview":"max-image-preview:large","max-video-preview":"max-video-preview:-1"},"canonical":"https:\/\/tisserand-boubes.fr\/?page_id=162","og_locale":"en_US","og_type":"article","og_title":"Projets - Portfolio","og_description":"Ici, d\u00e9couvrez mes projets \u00e9tudiants qui me forment et me pr\u00e9parent pour mon futur de communicante : mes productions, Mag'in Besac,...","og_url":"https:\/\/tisserand-boubes.fr\/?page_id=162","og_site_name":"Portfolio","article_modified_time":"2024-03-19T09:04:45+00:00","og_image":[{"url":"http:\/\/tisserand-boubes.fr\/wp-content\/uploads\/2024\/03\/Post-banque-populaire-INSTA.png"}],"twitter_card":"summary_large_image","twitter_misc":{"Est. reading time":"1 minute"},"schema":{"@context":"https:\/\/schema.org","@graph":[{"@type":"WebPage","@id":"https:\/\/tisserand-boubes.fr\/?page_id=162","url":"https:\/\/tisserand-boubes.fr\/?page_id=162","name":"Projets - Portfolio","isPartOf":{"@id":"https:\/\/tisserand-boubes.fr\/#website"},"primaryImageOfPage":{"@id":"https:\/\/tisserand-boubes.fr\/?page_id=162#primaryimage"},"image":{"@id":"https:\/\/tisserand-boubes.fr\/?page_id=162#primaryimage"},"thumbnailUrl":"http:\/\/tisserand-boubes.fr\/wp-content\/uploads\/2024\/03\/Post-banque-populaire-INSTA.png","datePublished":"2024-02-13T08:08:39+00:00","dateModified":"2024-03-19T09:04:45+00:00","description":"Ici, d\u00e9couvrez mes projets \u00e9tudiants qui me forment et me pr\u00e9parent pour mon futur de communicante : mes productions, Mag'in Besac,...","breadcrumb":{"@id":"https:\/\/tisserand-boubes.fr\/?page_id=162#breadcrumb"},"inLanguage":"en-US","potentialAction":[{"@type":"ReadAction","target":["https:\/\/tisserand-boubes.fr\/?page_id=162"]}]},{"@type":"ImageObject","inLanguage":"en-US","@id":"https:\/\/tisserand-boubes.fr\/?page_id=162#primaryimage","url":"http:\/\/tisserand-boubes.fr\/wp-content\/uploads\/2024\/03\/Post-banque-populaire-INSTA.png","contentUrl":"http:\/\/tisserand-boubes.fr\/wp-content\/uploads\/2024\/03\/Post-banque-populaire-INSTA.png"},{"@type":"BreadcrumbList","@id":"https:\/\/tisserand-boubes.fr\/?page_id=162#breadcrumb","itemListElement":[{"@type":"ListItem","position":1,"name":"Accueil","item":"https:\/\/tisserand-boubes.fr\/"},{"@type":"ListItem","position":2,"name":"Projets"}]},{"@type":"WebSite","@id":"https:\/\/tisserand-boubes.fr\/#website","url":"https:\/\/tisserand-boubes.fr\/","name":"Portfolio","description":"","potentialAction":[{"@type":"SearchAction","target":{"@type":"EntryPoint","urlTemplate":"https:\/\/tisserand-boubes.fr\/?s={search_term_string}"},"query-input":"required name=search_term_string"}],"inLanguage":"en-US"}]}},"_links":{"self":[{"href":"https:\/\/tisserand-boubes.fr\/index.php?rest_route=\/wp\/v2\/pages\/162","targetHints":{"allow":["GET"]}}],"collection":[{"href":"https:\/\/tisserand-boubes.fr\/index.php?rest_route=\/wp\/v2\/pages"}],"about":[{"href":"https:\/\/tisserand-boubes.fr\/index.php?rest_route=\/wp\/v2\/types\/page"}],"author":[{"embeddable":true,"href":"https:\/\/tisserand-boubes.fr\/index.php?rest_route=\/wp\/v2\/users\/1"}],"replies":[{"embeddable":true,"href":"https:\/\/tisserand-boubes.fr\/index.php?rest_route=%2Fwp%2Fv2%2Fcomments&post=162"}],"version-history":[{"count":64,"href":"https:\/\/tisserand-boubes.fr\/index.php?rest_route=\/wp\/v2\/pages\/162\/revisions"}],"predecessor-version":[{"id":1079,"href":"https:\/\/tisserand-boubes.fr\/index.php?rest_route=\/wp\/v2\/pages\/162\/revisions\/1079"}],"wp:attachment":[{"href":"https:\/\/tisserand-boubes.fr\/index.php?rest_route=%2Fwp%2Fv2%2Fmedia&parent=162"}],"curies":[{"name":"wp","href":"https:\/\/api.w.org\/{rel}","templated":true}]}}