{"id":168,"date":"2024-02-13T09:11:14","date_gmt":"2024-02-13T08:11:14","guid":{"rendered":"https:\/\/tisserand-boubes.fr\/?page_id=168"},"modified":"2025-02-23T19:14:32","modified_gmt":"2025-02-23T18:14:32","slug":"experiences-professionnelles","status":"publish","type":"page","link":"https:\/\/tisserand-boubes.fr\/?page_id=168","title":{"rendered":"Exp\u00e9riences professionnelles"},"content":{"rendered":"\t\t<div data-elementor-type=\"wp-page\" data-elementor-id=\"168\" class=\"elementor elementor-168\">\n\t\t\t\t<div class=\"elementor-element elementor-element-e9f567a e-flex e-con-boxed wpr-particle-no wpr-jarallax-no wpr-parallax-no wpr-sticky-section-no e-con e-parent\" data-id=\"e9f567a\" data-element_type=\"container\" data-settings=\"{&quot;content_width&quot;:&quot;boxed&quot;}\" data-core-v316-plus=\"true\">\n\t\t\t\t\t<div class=\"e-con-inner\">\n\t\t\t\t<div class=\"elementor-element elementor-element-68e9855 elementor-widget elementor-widget-text-editor\" data-id=\"68e9855\" data-element_type=\"widget\" data-widget_type=\"text-editor.default\">\n\t\t\t\t<div class=\"elementor-widget-container\">\n\t\t\t<style>\/*! elementor - v3.19.0 - 29-01-2024 *\/\n.elementor-widget-text-editor.elementor-drop-cap-view-stacked .elementor-drop-cap{background-color:#69727d;color:#fff}.elementor-widget-text-editor.elementor-drop-cap-view-framed .elementor-drop-cap{color:#69727d;border:3px solid;background-color:transparent}.elementor-widget-text-editor:not(.elementor-drop-cap-view-default) .elementor-drop-cap{margin-top:8px}.elementor-widget-text-editor:not(.elementor-drop-cap-view-default) .elementor-drop-cap-letter{width:1em;height:1em}.elementor-widget-text-editor .elementor-drop-cap{float:left;text-align:center;line-height:1;font-size:50px}.elementor-widget-text-editor .elementor-drop-cap-letter{display:inline-block}<\/style>\t\t\t\t<p>Le BUT (Bachelor Universitaire Technologique) offre la possibilit\u00e9 aux \u00e9tudiants de suivre une <strong>formation professionnalisante<\/strong> puisqu&#8217;il permet de r\u00e9aliser un <strong>stage<\/strong> durant chacune des 3 ann\u00e9es d&#8217;\u00e9tudes ou alors d&#8217;opter pour une formation en <strong>alternance<\/strong> d\u00e8s la seconde ann\u00e9e.<\/p><p>Je vous invite \u00e0 d\u00e9couvrir les exp\u00e9riences professionnelles que j&#8217;ai v\u00e9cues lors de mon <a href=\"https:\/\/tisserand-boubes.fr\/?page_id=175\">stage de premi\u00e8re ann\u00e9e<\/a> et mon <a href=\"https:\/\/tisserand-boubes.fr\/?page_id=1350\" target=\"_blank\" rel=\"noopener\">stage de seconde ann\u00e9e<\/a>, ainsi que ce qu&#8217;ils m&#8217;ont apport\u00e9 sur les plans pro et perso !<\/p>\t\t\t\t\t\t<\/div>\n\t\t\t\t<\/div>\n\t\t\t\t\t<\/div>\n\t\t\t\t<\/div>\n\t\t<div class=\"elementor-element elementor-element-3284462 e-flex e-con-boxed wpr-particle-no wpr-jarallax-no wpr-parallax-no wpr-sticky-section-no e-con e-parent\" data-id=\"3284462\" data-element_type=\"container\" data-settings=\"{&quot;content_width&quot;:&quot;boxed&quot;}\" data-core-v316-plus=\"true\">\n\t\t\t\t\t<div class=\"e-con-inner\">\n\t\t\t\t<div class=\"elementor-element elementor-element-cbaa7aa elementor-widget elementor-widget-spacer\" data-id=\"cbaa7aa\" data-element_type=\"widget\" data-widget_type=\"spacer.default\">\n\t\t\t\t<div class=\"elementor-widget-container\">\n\t\t\t<style>\/*! elementor - v3.19.0 - 29-01-2024 *\/\n.elementor-column .elementor-spacer-inner{height:var(--spacer-size)}.e-con{--container-widget-width:100%}.e-con-inner>.elementor-widget-spacer,.e-con>.elementor-widget-spacer{width:var(--container-widget-width,var(--spacer-size));--align-self:var(--container-widget-align-self,initial);--flex-shrink:0}.e-con-inner>.elementor-widget-spacer>.elementor-widget-container,.e-con>.elementor-widget-spacer>.elementor-widget-container{height:100%;width:100%}.e-con-inner>.elementor-widget-spacer>.elementor-widget-container>.elementor-spacer,.e-con>.elementor-widget-spacer>.elementor-widget-container>.elementor-spacer{height:100%}.e-con-inner>.elementor-widget-spacer>.elementor-widget-container>.elementor-spacer>.elementor-spacer-inner,.e-con>.elementor-widget-spacer>.elementor-widget-container>.elementor-spacer>.elementor-spacer-inner{height:var(--container-widget-height,var(--spacer-size))}.e-con-inner>.elementor-widget-spacer.elementor-widget-empty,.e-con>.elementor-widget-spacer.elementor-widget-empty{position:relative;min-height:22px;min-width:22px}.e-con-inner>.elementor-widget-spacer.elementor-widget-empty .elementor-widget-empty-icon,.e-con>.elementor-widget-spacer.elementor-widget-empty .elementor-widget-empty-icon{position:absolute;top:0;bottom:0;left:0;right:0;margin:auto;padding:0;width:22px;height:22px}<\/style>\t\t<div class=\"elementor-spacer\">\n\t\t\t<div class=\"elementor-spacer-inner\"><\/div>\n\t\t<\/div>\n\t\t\t\t<\/div>\n\t\t\t\t<\/div>\n\t\t\t\t\t<\/div>\n\t\t\t\t<\/div>\n\t\t\t\t<\/div>\n\t\t","protected":false},"excerpt":{"rendered":"<p>Le BUT (Bachelor Universitaire Technologique) offre la possibilit\u00e9 aux \u00e9tudiants de suivre une formation professionnalisante puisqu&#8217;il permet de r\u00e9aliser un stage durant chacune des 3 ann\u00e9es d&#8217;\u00e9tudes ou alors d&#8217;opter pour une formation en alternance d\u00e8s la seconde ann\u00e9e. Je vous invite \u00e0 d\u00e9couvrir les exp\u00e9riences professionnelles que j&#8217;ai v\u00e9cues lors de mon stage de &hellip; <\/p>\n<p class=\"link-more\"><a href=\"https:\/\/tisserand-boubes.fr\/?page_id=168\" class=\"more-link\">Read more<span class=\"screen-reader-text\"> &#8220;Exp\u00e9riences professionnelles&#8221;<\/span><\/a><\/p>\n","protected":false},"author":1,"featured_media":0,"parent":0,"menu_order":0,"comment_status":"closed","ping_status":"closed","template":"","meta":{"footnotes":""},"class_list":["post-168","page","type-page","status-publish","hentry"],"yoast_head":"<!-- This site is optimized with the Yoast SEO plugin v22.2 - https:\/\/yoast.com\/wordpress\/plugins\/seo\/ -->\n<title>Exp\u00e9riences professionnelles - Portfolio<\/title>\n<meta name=\"description\" content=\"D\u00e9couvrez l\u2019exp\u00e9rience professionnelle que j\u2019ai v\u00e9cu lors de mon stage de premi\u00e8re ann\u00e9e au sein de la ligue BFC de sport adapt\u00e9 !\" \/>\n<meta name=\"robots\" content=\"index, follow, max-snippet:-1, max-image-preview:large, max-video-preview:-1\" \/>\n<link rel=\"canonical\" href=\"https:\/\/tisserand-boubes.fr\/?page_id=168\" \/>\n<meta property=\"og:locale\" content=\"en_US\" \/>\n<meta property=\"og:type\" content=\"article\" \/>\n<meta property=\"og:title\" content=\"Exp\u00e9riences professionnelles - Portfolio\" \/>\n<meta property=\"og:description\" content=\"D\u00e9couvrez l\u2019exp\u00e9rience professionnelle que j\u2019ai v\u00e9cu lors de mon stage de premi\u00e8re ann\u00e9e au sein de la ligue BFC de sport adapt\u00e9 !\" \/>\n<meta property=\"og:url\" content=\"https:\/\/tisserand-boubes.fr\/?page_id=168\" \/>\n<meta property=\"og:site_name\" content=\"Portfolio\" \/>\n<meta property=\"article:modified_time\" content=\"2025-02-23T18:14:32+00:00\" \/>\n<meta name=\"twitter:card\" content=\"summary_large_image\" \/>\n<meta name=\"twitter:label1\" content=\"Est. reading time\" \/>\n\t<meta name=\"twitter:data1\" content=\"1 minute\" \/>\n<script type=\"application\/ld+json\" class=\"yoast-schema-graph\">{\"@context\":\"https:\/\/schema.org\",\"@graph\":[{\"@type\":\"WebPage\",\"@id\":\"https:\/\/tisserand-boubes.fr\/?page_id=168\",\"url\":\"https:\/\/tisserand-boubes.fr\/?page_id=168\",\"name\":\"Exp\u00e9riences professionnelles - Portfolio\",\"isPartOf\":{\"@id\":\"https:\/\/tisserand-boubes.fr\/#website\"},\"datePublished\":\"2024-02-13T08:11:14+00:00\",\"dateModified\":\"2025-02-23T18:14:32+00:00\",\"description\":\"D\u00e9couvrez l\u2019exp\u00e9rience professionnelle que j\u2019ai v\u00e9cu lors de mon stage de premi\u00e8re ann\u00e9e au sein de la ligue BFC de sport adapt\u00e9 !\",\"breadcrumb\":{\"@id\":\"https:\/\/tisserand-boubes.fr\/?page_id=168#breadcrumb\"},\"inLanguage\":\"en-US\",\"potentialAction\":[{\"@type\":\"ReadAction\",\"target\":[\"https:\/\/tisserand-boubes.fr\/?page_id=168\"]}]},{\"@type\":\"BreadcrumbList\",\"@id\":\"https:\/\/tisserand-boubes.fr\/?page_id=168#breadcrumb\",\"itemListElement\":[{\"@type\":\"ListItem\",\"position\":1,\"name\":\"Accueil\",\"item\":\"https:\/\/tisserand-boubes.fr\/\"},{\"@type\":\"ListItem\",\"position\":2,\"name\":\"Exp\u00e9riences professionnelles\"}]},{\"@type\":\"WebSite\",\"@id\":\"https:\/\/tisserand-boubes.fr\/#website\",\"url\":\"https:\/\/tisserand-boubes.fr\/\",\"name\":\"Portfolio\",\"description\":\"\",\"potentialAction\":[{\"@type\":\"SearchAction\",\"target\":{\"@type\":\"EntryPoint\",\"urlTemplate\":\"https:\/\/tisserand-boubes.fr\/?s={search_term_string}\"},\"query-input\":\"required name=search_term_string\"}],\"inLanguage\":\"en-US\"}]}<\/script>\n<!-- \/ Yoast SEO plugin. -->","yoast_head_json":{"title":"Exp\u00e9riences professionnelles - Portfolio","description":"D\u00e9couvrez l\u2019exp\u00e9rience professionnelle que j\u2019ai v\u00e9cu lors de mon stage de premi\u00e8re ann\u00e9e au sein de la ligue BFC de sport adapt\u00e9 !","robots":{"index":"index","follow":"follow","max-snippet":"max-snippet:-1","max-image-preview":"max-image-preview:large","max-video-preview":"max-video-preview:-1"},"canonical":"https:\/\/tisserand-boubes.fr\/?page_id=168","og_locale":"en_US","og_type":"article","og_title":"Exp\u00e9riences professionnelles - Portfolio","og_description":"D\u00e9couvrez l\u2019exp\u00e9rience professionnelle que j\u2019ai v\u00e9cu lors de mon stage de premi\u00e8re ann\u00e9e au sein de la ligue BFC de sport adapt\u00e9 !","og_url":"https:\/\/tisserand-boubes.fr\/?page_id=168","og_site_name":"Portfolio","article_modified_time":"2025-02-23T18:14:32+00:00","twitter_card":"summary_large_image","twitter_misc":{"Est. reading time":"1 minute"},"schema":{"@context":"https:\/\/schema.org","@graph":[{"@type":"WebPage","@id":"https:\/\/tisserand-boubes.fr\/?page_id=168","url":"https:\/\/tisserand-boubes.fr\/?page_id=168","name":"Exp\u00e9riences professionnelles - Portfolio","isPartOf":{"@id":"https:\/\/tisserand-boubes.fr\/#website"},"datePublished":"2024-02-13T08:11:14+00:00","dateModified":"2025-02-23T18:14:32+00:00","description":"D\u00e9couvrez l\u2019exp\u00e9rience professionnelle que j\u2019ai v\u00e9cu lors de mon stage de premi\u00e8re ann\u00e9e au sein de la ligue BFC de sport adapt\u00e9 !","breadcrumb":{"@id":"https:\/\/tisserand-boubes.fr\/?page_id=168#breadcrumb"},"inLanguage":"en-US","potentialAction":[{"@type":"ReadAction","target":["https:\/\/tisserand-boubes.fr\/?page_id=168"]}]},{"@type":"BreadcrumbList","@id":"https:\/\/tisserand-boubes.fr\/?page_id=168#breadcrumb","itemListElement":[{"@type":"ListItem","position":1,"name":"Accueil","item":"https:\/\/tisserand-boubes.fr\/"},{"@type":"ListItem","position":2,"name":"Exp\u00e9riences professionnelles"}]},{"@type":"WebSite","@id":"https:\/\/tisserand-boubes.fr\/#website","url":"https:\/\/tisserand-boubes.fr\/","name":"Portfolio","description":"","potentialAction":[{"@type":"SearchAction","target":{"@type":"EntryPoint","urlTemplate":"https:\/\/tisserand-boubes.fr\/?s={search_term_string}"},"query-input":"required name=search_term_string"}],"inLanguage":"en-US"}]}},"_links":{"self":[{"href":"https:\/\/tisserand-boubes.fr\/index.php?rest_route=\/wp\/v2\/pages\/168","targetHints":{"allow":["GET"]}}],"collection":[{"href":"https:\/\/tisserand-boubes.fr\/index.php?rest_route=\/wp\/v2\/pages"}],"about":[{"href":"https:\/\/tisserand-boubes.fr\/index.php?rest_route=\/wp\/v2\/types\/page"}],"author":[{"embeddable":true,"href":"https:\/\/tisserand-boubes.fr\/index.php?rest_route=\/wp\/v2\/users\/1"}],"replies":[{"embeddable":true,"href":"https:\/\/tisserand-boubes.fr\/index.php?rest_route=%2Fwp%2Fv2%2Fcomments&post=168"}],"version-history":[{"count":28,"href":"https:\/\/tisserand-boubes.fr\/index.php?rest_route=\/wp\/v2\/pages\/168\/revisions"}],"predecessor-version":[{"id":1550,"href":"https:\/\/tisserand-boubes.fr\/index.php?rest_route=\/wp\/v2\/pages\/168\/revisions\/1550"}],"wp:attachment":[{"href":"https:\/\/tisserand-boubes.fr\/index.php?rest_route=%2Fwp%2Fv2%2Fmedia&parent=168"}],"curies":[{"name":"wp","href":"https:\/\/api.w.org\/{rel}","templated":true}]}}