{"id":188,"date":"2024-02-13T09:33:58","date_gmt":"2024-02-13T08:33:58","guid":{"rendered":"https:\/\/tisserand-boubes.fr\/?page_id=188"},"modified":"2025-01-08T11:30:34","modified_gmt":"2025-01-08T10:30:34","slug":"qui-suis-je","status":"publish","type":"page","link":"https:\/\/tisserand-boubes.fr\/?page_id=188","title":{"rendered":"Qui suis-je ?"},"content":{"rendered":"\t\t<div data-elementor-type=\"wp-page\" data-elementor-id=\"188\" class=\"elementor elementor-188\">\n\t\t\t\t<div class=\"elementor-element elementor-element-7758485 e-flex e-con-boxed wpr-particle-no wpr-jarallax-no wpr-parallax-no wpr-sticky-section-no e-con e-parent\" data-id=\"7758485\" data-element_type=\"container\" data-settings=\"{&quot;content_width&quot;:&quot;boxed&quot;}\" data-core-v316-plus=\"true\">\n\t\t\t\t\t<div class=\"e-con-inner\">\n\t\t<div class=\"elementor-element elementor-element-50d5ee8 e-con-full e-flex wpr-particle-no wpr-jarallax-no wpr-parallax-no wpr-sticky-section-no e-con e-child\" data-id=\"50d5ee8\" data-element_type=\"container\" data-settings=\"{&quot;content_width&quot;:&quot;full&quot;}\">\n\t\t\t\t<div class=\"elementor-element elementor-element-a67840c elementor-widget elementor-widget-heading\" data-id=\"a67840c\" data-element_type=\"widget\" data-widget_type=\"heading.default\">\n\t\t\t\t<div class=\"elementor-widget-container\">\n\t\t\t<style>\/*! elementor - v3.19.0 - 29-01-2024 *\/\n.elementor-heading-title{padding:0;margin:0;line-height:1}.elementor-widget-heading .elementor-heading-title[class*=elementor-size-]>a{color:inherit;font-size:inherit;line-height:inherit}.elementor-widget-heading .elementor-heading-title.elementor-size-small{font-size:15px}.elementor-widget-heading .elementor-heading-title.elementor-size-medium{font-size:19px}.elementor-widget-heading .elementor-heading-title.elementor-size-large{font-size:29px}.elementor-widget-heading .elementor-heading-title.elementor-size-xl{font-size:39px}.elementor-widget-heading .elementor-heading-title.elementor-size-xxl{font-size:59px}<\/style><h2 class=\"elementor-heading-title elementor-size-default\">Hello ! Moi, c'est Elsa. <\/h2>\t\t<\/div>\n\t\t\t\t<\/div>\n\t\t\t\t<div class=\"elementor-element elementor-element-ccc4760 elementor-widget elementor-widget-text-editor\" data-id=\"ccc4760\" data-element_type=\"widget\" data-widget_type=\"text-editor.default\">\n\t\t\t\t<div class=\"elementor-widget-container\">\n\t\t\t<style>\/*! elementor - v3.19.0 - 29-01-2024 *\/\n.elementor-widget-text-editor.elementor-drop-cap-view-stacked .elementor-drop-cap{background-color:#69727d;color:#fff}.elementor-widget-text-editor.elementor-drop-cap-view-framed .elementor-drop-cap{color:#69727d;border:3px solid;background-color:transparent}.elementor-widget-text-editor:not(.elementor-drop-cap-view-default) .elementor-drop-cap{margin-top:8px}.elementor-widget-text-editor:not(.elementor-drop-cap-view-default) .elementor-drop-cap-letter{width:1em;height:1em}.elementor-widget-text-editor .elementor-drop-cap{float:left;text-align:center;line-height:1;font-size:50px}.elementor-widget-text-editor .elementor-drop-cap-letter{display:inline-block}<\/style>\t\t\t\t<p>Apr\u00e8s l&#8217;obtention de mon bac je me suis tourn\u00e9e vers une licence de droit qui s&#8217;est av\u00e9r\u00e9e \u00eatre tr\u00e8s enrichissante. Mais m\u00eame en ayant valid\u00e9 mon ann\u00e9e, j&#8217;avais du mal \u00e0 me projeter dans une carri\u00e8re juridique et un autre domaine attirait mon attention : la communication.<\/p><p>J&#8217;ai donc int\u00e9gr\u00e9 le bachelor en info-com de l&#8217;IUT de Besan\u00e7on en 2022. \u00c9tant une personne curieuse, motiv\u00e9e et flexible, le monde de la communication me correspond puisqu\u2019il n\u00e9cessite d&#8217;\u00eatre ouvert au monde et est compos\u00e9 d&#8217;une multitude de domaines attrayants. <\/p>\t\t\t\t\t\t<\/div>\n\t\t\t\t<\/div>\n\t\t\t\t<\/div>\n\t\t<div class=\"elementor-element elementor-element-29867b7 e-con-full e-flex wpr-particle-no wpr-jarallax-no wpr-parallax-no wpr-sticky-section-no e-con e-child\" data-id=\"29867b7\" data-element_type=\"container\" data-settings=\"{&quot;content_width&quot;:&quot;full&quot;}\">\n\t\t\t\t<div class=\"elementor-element elementor-element-0568156 elementor-widget elementor-widget-image\" data-id=\"0568156\" data-element_type=\"widget\" data-widget_type=\"image.default\">\n\t\t\t\t<div class=\"elementor-widget-container\">\n\t\t\t<style>\/*! elementor - v3.19.0 - 29-01-2024 *\/\n.elementor-widget-image{text-align:center}.elementor-widget-image a{display:inline-block}.elementor-widget-image a img[src$=\".svg\"]{width:48px}.elementor-widget-image img{vertical-align:middle;display:inline-block}<\/style>\t\t\t\t\t\t\t\t\t\t<img fetchpriority=\"high\" decoding=\"async\" width=\"768\" height=\"1024\" src=\"https:\/\/tisserand-boubes.fr\/wp-content\/uploads\/2025\/01\/Nouvelle-photo-profil-768x1024.jpg\" class=\"attachment-large size-large wp-image-1355\" alt=\"\" srcset=\"https:\/\/tisserand-boubes.fr\/wp-content\/uploads\/2025\/01\/Nouvelle-photo-profil-768x1024.jpg 768w, https:\/\/tisserand-boubes.fr\/wp-content\/uploads\/2025\/01\/Nouvelle-photo-profil-225x300.jpg 225w, https:\/\/tisserand-boubes.fr\/wp-content\/uploads\/2025\/01\/Nouvelle-photo-profil-2000x2667.jpg 2000w, https:\/\/tisserand-boubes.fr\/wp-content\/uploads\/2025\/01\/Nouvelle-photo-profil-scaled-1152x1536.jpg 1152w, https:\/\/tisserand-boubes.fr\/wp-content\/uploads\/2025\/01\/Nouvelle-photo-profil-scaled-1536x2048.jpg 1536w, https:\/\/tisserand-boubes.fr\/wp-content\/uploads\/2025\/01\/Nouvelle-photo-profil-scaled.jpg 1920w\" sizes=\"100vw\" \/>\t\t\t\t\t\t\t\t\t\t\t\t\t<\/div>\n\t\t\t\t<\/div>\n\t\t\t\t<\/div>\n\t\t\t\t\t<\/div>\n\t\t\t\t<\/div>\n\t\t<div class=\"elementor-element elementor-element-8c8d068 e-flex e-con-boxed wpr-particle-no wpr-jarallax-no wpr-parallax-no wpr-sticky-section-no e-con e-parent\" data-id=\"8c8d068\" data-element_type=\"container\" data-settings=\"{&quot;content_width&quot;:&quot;boxed&quot;}\" data-core-v316-plus=\"true\">\n\t\t\t\t\t<div class=\"e-con-inner\">\n\t\t\t\t<div class=\"elementor-element elementor-element-b434848 elementor-widget elementor-widget-spacer\" data-id=\"b434848\" data-element_type=\"widget\" data-widget_type=\"spacer.default\">\n\t\t\t\t<div class=\"elementor-widget-container\">\n\t\t\t<style>\/*! elementor - v3.19.0 - 29-01-2024 *\/\n.elementor-column .elementor-spacer-inner{height:var(--spacer-size)}.e-con{--container-widget-width:100%}.e-con-inner>.elementor-widget-spacer,.e-con>.elementor-widget-spacer{width:var(--container-widget-width,var(--spacer-size));--align-self:var(--container-widget-align-self,initial);--flex-shrink:0}.e-con-inner>.elementor-widget-spacer>.elementor-widget-container,.e-con>.elementor-widget-spacer>.elementor-widget-container{height:100%;width:100%}.e-con-inner>.elementor-widget-spacer>.elementor-widget-container>.elementor-spacer,.e-con>.elementor-widget-spacer>.elementor-widget-container>.elementor-spacer{height:100%}.e-con-inner>.elementor-widget-spacer>.elementor-widget-container>.elementor-spacer>.elementor-spacer-inner,.e-con>.elementor-widget-spacer>.elementor-widget-container>.elementor-spacer>.elementor-spacer-inner{height:var(--container-widget-height,var(--spacer-size))}.e-con-inner>.elementor-widget-spacer.elementor-widget-empty,.e-con>.elementor-widget-spacer.elementor-widget-empty{position:relative;min-height:22px;min-width:22px}.e-con-inner>.elementor-widget-spacer.elementor-widget-empty .elementor-widget-empty-icon,.e-con>.elementor-widget-spacer.elementor-widget-empty .elementor-widget-empty-icon{position:absolute;top:0;bottom:0;left:0;right:0;margin:auto;padding:0;width:22px;height:22px}<\/style>\t\t<div class=\"elementor-spacer\">\n\t\t\t<div class=\"elementor-spacer-inner\"><\/div>\n\t\t<\/div>\n\t\t\t\t<\/div>\n\t\t\t\t<\/div>\n\t\t\t\t<div class=\"elementor-element elementor-element-e73dc78 elementor-widget elementor-widget-heading\" data-id=\"e73dc78\" data-element_type=\"widget\" data-widget_type=\"heading.default\">\n\t\t\t\t<div class=\"elementor-widget-container\">\n\t\t\t<h2 class=\"elementor-heading-title elementor-size-default\">Mon parcours scolaire :<\/h2>\t\t<\/div>\n\t\t\t\t<\/div>\n\t\t\t\t<div class=\"elementor-element elementor-element-cb9f95e elementor-widget elementor-widget-spacer\" data-id=\"cb9f95e\" data-element_type=\"widget\" data-widget_type=\"spacer.default\">\n\t\t\t\t<div class=\"elementor-widget-container\">\n\t\t\t\t\t<div class=\"elementor-spacer\">\n\t\t\t<div class=\"elementor-spacer-inner\"><\/div>\n\t\t<\/div>\n\t\t\t\t<\/div>\n\t\t\t\t<\/div>\n\t\t\t\t<div class=\"elementor-element elementor-element-fd32462 wpr-list-style-none elementor-widget elementor-widget-wpr-posts-timeline\" data-id=\"fd32462\" data-element_type=\"widget\" data-settings=\"{&quot;animation_offset&quot;:150,&quot;aos_animation_duration&quot;:600}\" data-widget_type=\"wpr-posts-timeline.default\">\n\t\t\t\t<div class=\"elementor-widget-container\">\n\t\t\t\n\t\t<div class=\"wpr-wrapper wpr-vertical wpr-centered\">\n\t\t\t<div class=\"wpr-timeline-centered wpr-line wpr-both-sided-timeline\"><div class=\"wpr-middle-line\"><\/div><span class=\"wpr-year-wrap\"><span class=\"wpr-year-label wpr-year\">2025<\/span><\/span><article class=\"wpr-timeline-entry wpr-left-aligned elementor-repeater-item-8571d84\" data-item-id=\"elementor-repeater-item-8571d84\"><time class=\"wpr-extra-label\" data-aos=\"fade\" data-aos-left=\"\" data-aos-right=\"\" data-animation-offset=\"150\" data-animation-duration=\"600\"><span class=\"wpr-label\">Sept. 2022<\/span><\/time><div class=\"wpr-timeline-entry-inner\"><div class=\"wpr-main-line-icon wpr-icon\"><svg aria-hidden=\"true\" class=\"e-font-icon-svg e-far-comment\" viewBox=\"0 0 512 512\" xmlns=\"http:\/\/www.w3.org\/2000\/svg\"><path d=\"M256 32C114.6 32 0 125.1 0 240c0 47.6 19.9 91.2 52.9 126.3C38 405.7 7 439.1 6.5 439.5c-6.6 7-8.4 17.2-4.6 26S14.4 480 24 480c61.5 0 110-25.7 139.1-46.3C192 442.8 223.2 448 256 448c141.4 0 256-93.1 256-208S397.4 32 256 32zm0 368c-26.7 0-53.1-4.1-78.4-12.1l-22.7-7.2-19.5 13.8c-14.3 10.1-33.9 21.4-57.5 29 7.3-12.1 14.4-25.7 19.9-40.2l10.6-28.1-20.6-21.8C69.7 314.1 48 282.2 48 240c0-88.2 93.3-160 208-160s208 71.8 208 160-93.3 160-208 160z\"><\/path><\/svg><\/div><div class=\"wpr-story-info-vertical wpr-data-wrap \"  data-aos=\"fade\" data-aos-left=\"\" data-aos-right=\"\" data-animation-offset=\"150\" data-animation-duration=\"600\"><div class=\"wpr-animation-wrap wpr-timeline-media\"><img decoding=\"async\" width=\"2048\" height=\"1462\" src=\"https:\/\/tisserand-boubes.fr\/wp-content\/uploads\/2024\/03\/logo-infocom-long.png\" class=\"attachment-full size-full\" alt=\"\" srcset=\"https:\/\/tisserand-boubes.fr\/wp-content\/uploads\/2024\/03\/logo-infocom-long.png 2048w, https:\/\/tisserand-boubes.fr\/wp-content\/uploads\/2024\/03\/logo-infocom-long-300x214.png 300w, https:\/\/tisserand-boubes.fr\/wp-content\/uploads\/2024\/03\/logo-infocom-long-1024x731.png 1024w, https:\/\/tisserand-boubes.fr\/wp-content\/uploads\/2024\/03\/logo-infocom-long-2000x1428.png 2000w\" sizes=\"100vw\" \/><\/div><div class=\"wpr-timeline-content-wrapper\"><div class=\"wpr-content-wrapper\"><p class=\"wpr-title-wrap\"><span class=\"wpr-title\">BUT Information-Communication, Universit\u00e9 de Besan\u00e7on<\/span><\/p><div class=\"wpr-description\"><p>Parcours Communication des Organisations, 2022-2025<\/p><\/div><\/div><\/div><\/div>\n\t\t\t\t\t\t<\/div>\n\t\t\t\t<\/article><article class=\"wpr-timeline-entry wpr-right-aligned elementor-repeater-item-7868114\" data-item-id=\"elementor-repeater-item-7868114\"><time class=\"wpr-extra-label\" data-aos=\"fade\" data-aos-left=\"\" data-aos-right=\"\" data-animation-offset=\"150\" data-animation-duration=\"600\"><span class=\"wpr-label\">Sept. 2021<\/span><\/time><div class=\"wpr-timeline-entry-inner\"><div class=\"wpr-main-line-icon wpr-icon\"><svg aria-hidden=\"true\" class=\"e-font-icon-svg e-fas-balance-scale\" viewBox=\"0 0 640 512\" xmlns=\"http:\/\/www.w3.org\/2000\/svg\"><path d=\"M256 336h-.02c0-16.18 1.34-8.73-85.05-181.51-17.65-35.29-68.19-35.36-85.87 0C-2.06 328.75.02 320.33.02 336H0c0 44.18 57.31 80 128 80s128-35.82 128-80zM128 176l72 144H56l72-144zm511.98 160c0-16.18 1.34-8.73-85.05-181.51-17.65-35.29-68.19-35.36-85.87 0-87.12 174.26-85.04 165.84-85.04 181.51H384c0 44.18 57.31 80 128 80s128-35.82 128-80h-.02zM440 320l72-144 72 144H440zm88 128H352V153.25c23.51-10.29 41.16-31.48 46.39-57.25H528c8.84 0 16-7.16 16-16V48c0-8.84-7.16-16-16-16H383.64C369.04 12.68 346.09 0 320 0s-49.04 12.68-63.64 32H112c-8.84 0-16 7.16-16 16v32c0 8.84 7.16 16 16 16h129.61c5.23 25.76 22.87 46.96 46.39 57.25V448H112c-8.84 0-16 7.16-16 16v32c0 8.84 7.16 16 16 16h416c8.84 0 16-7.16 16-16v-32c0-8.84-7.16-16-16-16z\"><\/path><\/svg><\/div><div class=\"wpr-story-info-vertical wpr-data-wrap \"  data-aos=\"fade\" data-aos-left=\"\" data-aos-right=\"\" data-animation-offset=\"150\" data-animation-duration=\"600\"><div class=\"wpr-animation-wrap wpr-timeline-media\"><img decoding=\"async\" width=\"378\" height=\"200\" src=\"https:\/\/tisserand-boubes.fr\/wp-content\/uploads\/2024\/03\/sjpeglogo.jpg\" class=\"attachment-full size-full\" alt=\"\" srcset=\"https:\/\/tisserand-boubes.fr\/wp-content\/uploads\/2024\/03\/sjpeglogo.jpg 378w, https:\/\/tisserand-boubes.fr\/wp-content\/uploads\/2024\/03\/sjpeglogo-300x159.jpg 300w\" sizes=\"100vw\" \/><\/div><div class=\"wpr-timeline-content-wrapper\"><div class=\"wpr-content-wrapper\"><p class=\"wpr-title-wrap\"><span class=\"wpr-title\">Licence de Droit, Universit\u00e9 de Besan\u00e7on<\/span><\/p><div class=\"wpr-description\"><p>Validation L1, 2021-2022<\/p><\/div><\/div><\/div><\/div>\n\t\t\t\t\t\t<\/div>\n\t\t\t\t<\/article><span class=\"wpr-year-wrap\"><span class=\"wpr-year-label wpr-year\">2021<\/span><\/span><article class=\"wpr-timeline-entry wpr-left-aligned elementor-repeater-item-cc7ef02\" data-item-id=\"elementor-repeater-item-cc7ef02\"><time class=\"wpr-extra-label\" data-aos=\"fade\" data-aos-left=\"\" data-aos-right=\"\" data-animation-offset=\"150\" data-animation-duration=\"600\"><span class=\"wpr-label\">Sept. 2018<\/span><\/time><div class=\"wpr-timeline-entry-inner\"><div class=\"wpr-main-line-icon wpr-icon\"><svg aria-hidden=\"true\" class=\"e-font-icon-svg e-fas-book-open\" viewBox=\"0 0 576 512\" xmlns=\"http:\/\/www.w3.org\/2000\/svg\"><path d=\"M542.22 32.05c-54.8 3.11-163.72 14.43-230.96 55.59-4.64 2.84-7.27 7.89-7.27 13.17v363.87c0 11.55 12.63 18.85 23.28 13.49 69.18-34.82 169.23-44.32 218.7-46.92 16.89-.89 30.02-14.43 30.02-30.66V62.75c.01-17.71-15.35-31.74-33.77-30.7zM264.73 87.64C197.5 46.48 88.58 35.17 33.78 32.05 15.36 31.01 0 45.04 0 62.75V400.6c0 16.24 13.13 29.78 30.02 30.66 49.49 2.6 149.59 12.11 218.77 46.95 10.62 5.35 23.21-1.94 23.21-13.46V100.63c0-5.29-2.62-10.14-7.27-12.99z\"><\/path><\/svg><\/div><div class=\"wpr-story-info-vertical wpr-data-wrap \"  data-aos=\"fade\" data-aos-left=\"\" data-aos-right=\"\" data-animation-offset=\"150\" data-animation-duration=\"600\"><div class=\"wpr-animation-wrap wpr-timeline-media\"><img loading=\"lazy\" decoding=\"async\" width=\"327\" height=\"162\" src=\"https:\/\/tisserand-boubes.fr\/wp-content\/uploads\/2024\/03\/logo-lycee.png\" class=\"attachment-full size-full\" alt=\"\" srcset=\"https:\/\/tisserand-boubes.fr\/wp-content\/uploads\/2024\/03\/logo-lycee.png 327w, https:\/\/tisserand-boubes.fr\/wp-content\/uploads\/2024\/03\/logo-lycee-300x149.png 300w\" sizes=\"100vw\" \/><\/div><div class=\"wpr-timeline-content-wrapper\"><div class=\"wpr-content-wrapper\"><p class=\"wpr-title-wrap\"><span class=\"wpr-title\">Lyc\u00e9e Louis Aragon, H\u00e9ricourt<\/span><\/p><div class=\"wpr-description\"><p>Bac g\u00e9n\u00e9ral mention Bien, Sp\u00e9cialit\u00e9s SES, G\u00e9opolitique et Anglais, 2018-2021<\/p><\/div><\/div><\/div><\/div>\n\t\t\t\t\t\t<\/div>\n\t\t\t\t<\/article><\/div>    \n\t\t\t<\/div>\t\t<\/div>\n\t\t\t\t<\/div>\n\t\t\t\t\t<\/div>\n\t\t\t\t<\/div>\n\t\t<div class=\"elementor-element elementor-element-39512c1 e-flex e-con-boxed wpr-particle-no wpr-jarallax-no wpr-parallax-no wpr-sticky-section-no e-con e-parent\" data-id=\"39512c1\" data-element_type=\"container\" data-settings=\"{&quot;content_width&quot;:&quot;boxed&quot;}\" data-core-v316-plus=\"true\">\n\t\t\t\t\t<div class=\"e-con-inner\">\n\t\t\t\t<div class=\"elementor-element elementor-element-241f111 elementor-widget elementor-widget-spacer\" data-id=\"241f111\" data-element_type=\"widget\" data-widget_type=\"spacer.default\">\n\t\t\t\t<div class=\"elementor-widget-container\">\n\t\t\t\t\t<div class=\"elementor-spacer\">\n\t\t\t<div class=\"elementor-spacer-inner\"><\/div>\n\t\t<\/div>\n\t\t\t\t<\/div>\n\t\t\t\t<\/div>\n\t\t\t\t\t<\/div>\n\t\t\t\t<\/div>\n\t\t\t\t<\/div>\n\t\t","protected":false},"excerpt":{"rendered":"<p>Hello ! Moi, c&#8217;est Elsa. Apr\u00e8s l&#8217;obtention de mon bac je me suis tourn\u00e9e vers une licence de droit qui s&#8217;est av\u00e9r\u00e9e \u00eatre tr\u00e8s enrichissante. Mais m\u00eame en ayant valid\u00e9 mon ann\u00e9e, j&#8217;avais du mal \u00e0 me projeter dans une carri\u00e8re juridique et un autre domaine attirait mon attention : la communication. J&#8217;ai donc int\u00e9gr\u00e9 &hellip; <\/p>\n<p class=\"link-more\"><a href=\"https:\/\/tisserand-boubes.fr\/?page_id=188\" class=\"more-link\">Read more<span class=\"screen-reader-text\"> &#8220;Qui suis-je ?&#8221;<\/span><\/a><\/p>\n","protected":false},"author":1,"featured_media":0,"parent":0,"menu_order":0,"comment_status":"closed","ping_status":"closed","template":"","meta":{"footnotes":""},"class_list":["post-188","page","type-page","status-publish","hentry"],"yoast_head":"<!-- This site is optimized with the Yoast SEO plugin v22.2 - https:\/\/yoast.com\/wordpress\/plugins\/seo\/ -->\n<title>Qui suis-je ? - Portfolio<\/title>\n<meta name=\"robots\" content=\"index, follow, max-snippet:-1, max-image-preview:large, max-video-preview:-1\" \/>\n<link rel=\"canonical\" href=\"https:\/\/tisserand-boubes.fr\/?page_id=188\" \/>\n<meta property=\"og:locale\" content=\"en_US\" \/>\n<meta property=\"og:type\" content=\"article\" \/>\n<meta property=\"og:title\" content=\"Qui suis-je ? - Portfolio\" \/>\n<meta property=\"og:description\" content=\"Hello ! Moi, c&#8217;est Elsa. Apr\u00e8s l&#8217;obtention de mon bac je me suis tourn\u00e9e vers une licence de droit qui s&#8217;est av\u00e9r\u00e9e \u00eatre tr\u00e8s enrichissante. Mais m\u00eame en ayant valid\u00e9 mon ann\u00e9e, j&#8217;avais du mal \u00e0 me projeter dans une carri\u00e8re juridique et un autre domaine attirait mon attention : la communication. J&#8217;ai donc int\u00e9gr\u00e9 &hellip; Read more &quot;Qui suis-je ?&quot;\" \/>\n<meta property=\"og:url\" content=\"https:\/\/tisserand-boubes.fr\/?page_id=188\" \/>\n<meta property=\"og:site_name\" content=\"Portfolio\" \/>\n<meta property=\"article:modified_time\" content=\"2025-01-08T10:30:34+00:00\" \/>\n<meta property=\"og:image\" content=\"http:\/\/tisserand-boubes.fr\/wp-content\/uploads\/2025\/01\/Nouvelle-photo-profil-768x1024.jpg\" \/>\n<meta name=\"twitter:card\" content=\"summary_large_image\" \/>\n<meta name=\"twitter:label1\" content=\"Est. reading time\" \/>\n\t<meta name=\"twitter:data1\" content=\"2 minutes\" \/>\n<script type=\"application\/ld+json\" class=\"yoast-schema-graph\">{\"@context\":\"https:\/\/schema.org\",\"@graph\":[{\"@type\":\"WebPage\",\"@id\":\"https:\/\/tisserand-boubes.fr\/?page_id=188\",\"url\":\"https:\/\/tisserand-boubes.fr\/?page_id=188\",\"name\":\"Qui suis-je ? - Portfolio\",\"isPartOf\":{\"@id\":\"https:\/\/tisserand-boubes.fr\/#website\"},\"primaryImageOfPage\":{\"@id\":\"https:\/\/tisserand-boubes.fr\/?page_id=188#primaryimage\"},\"image\":{\"@id\":\"https:\/\/tisserand-boubes.fr\/?page_id=188#primaryimage\"},\"thumbnailUrl\":\"http:\/\/tisserand-boubes.fr\/wp-content\/uploads\/2025\/01\/Nouvelle-photo-profil-768x1024.jpg\",\"datePublished\":\"2024-02-13T08:33:58+00:00\",\"dateModified\":\"2025-01-08T10:30:34+00:00\",\"breadcrumb\":{\"@id\":\"https:\/\/tisserand-boubes.fr\/?page_id=188#breadcrumb\"},\"inLanguage\":\"en-US\",\"potentialAction\":[{\"@type\":\"ReadAction\",\"target\":[\"https:\/\/tisserand-boubes.fr\/?page_id=188\"]}]},{\"@type\":\"ImageObject\",\"inLanguage\":\"en-US\",\"@id\":\"https:\/\/tisserand-boubes.fr\/?page_id=188#primaryimage\",\"url\":\"https:\/\/tisserand-boubes.fr\/wp-content\/uploads\/2025\/01\/Nouvelle-photo-profil-scaled.jpg\",\"contentUrl\":\"https:\/\/tisserand-boubes.fr\/wp-content\/uploads\/2025\/01\/Nouvelle-photo-profil-scaled.jpg\",\"width\":1920,\"height\":2560},{\"@type\":\"BreadcrumbList\",\"@id\":\"https:\/\/tisserand-boubes.fr\/?page_id=188#breadcrumb\",\"itemListElement\":[{\"@type\":\"ListItem\",\"position\":1,\"name\":\"Accueil\",\"item\":\"https:\/\/tisserand-boubes.fr\/\"},{\"@type\":\"ListItem\",\"position\":2,\"name\":\"Qui suis-je ?\"}]},{\"@type\":\"WebSite\",\"@id\":\"https:\/\/tisserand-boubes.fr\/#website\",\"url\":\"https:\/\/tisserand-boubes.fr\/\",\"name\":\"Portfolio\",\"description\":\"\",\"potentialAction\":[{\"@type\":\"SearchAction\",\"target\":{\"@type\":\"EntryPoint\",\"urlTemplate\":\"https:\/\/tisserand-boubes.fr\/?s={search_term_string}\"},\"query-input\":\"required name=search_term_string\"}],\"inLanguage\":\"en-US\"}]}<\/script>\n<!-- \/ Yoast SEO plugin. -->","yoast_head_json":{"title":"Qui suis-je ? - Portfolio","robots":{"index":"index","follow":"follow","max-snippet":"max-snippet:-1","max-image-preview":"max-image-preview:large","max-video-preview":"max-video-preview:-1"},"canonical":"https:\/\/tisserand-boubes.fr\/?page_id=188","og_locale":"en_US","og_type":"article","og_title":"Qui suis-je ? - Portfolio","og_description":"Hello ! Moi, c&#8217;est Elsa. Apr\u00e8s l&#8217;obtention de mon bac je me suis tourn\u00e9e vers une licence de droit qui s&#8217;est av\u00e9r\u00e9e \u00eatre tr\u00e8s enrichissante. Mais m\u00eame en ayant valid\u00e9 mon ann\u00e9e, j&#8217;avais du mal \u00e0 me projeter dans une carri\u00e8re juridique et un autre domaine attirait mon attention : la communication. J&#8217;ai donc int\u00e9gr\u00e9 &hellip; Read more \"Qui suis-je ?\"","og_url":"https:\/\/tisserand-boubes.fr\/?page_id=188","og_site_name":"Portfolio","article_modified_time":"2025-01-08T10:30:34+00:00","og_image":[{"url":"http:\/\/tisserand-boubes.fr\/wp-content\/uploads\/2025\/01\/Nouvelle-photo-profil-768x1024.jpg"}],"twitter_card":"summary_large_image","twitter_misc":{"Est. reading time":"2 minutes"},"schema":{"@context":"https:\/\/schema.org","@graph":[{"@type":"WebPage","@id":"https:\/\/tisserand-boubes.fr\/?page_id=188","url":"https:\/\/tisserand-boubes.fr\/?page_id=188","name":"Qui suis-je ? - Portfolio","isPartOf":{"@id":"https:\/\/tisserand-boubes.fr\/#website"},"primaryImageOfPage":{"@id":"https:\/\/tisserand-boubes.fr\/?page_id=188#primaryimage"},"image":{"@id":"https:\/\/tisserand-boubes.fr\/?page_id=188#primaryimage"},"thumbnailUrl":"http:\/\/tisserand-boubes.fr\/wp-content\/uploads\/2025\/01\/Nouvelle-photo-profil-768x1024.jpg","datePublished":"2024-02-13T08:33:58+00:00","dateModified":"2025-01-08T10:30:34+00:00","breadcrumb":{"@id":"https:\/\/tisserand-boubes.fr\/?page_id=188#breadcrumb"},"inLanguage":"en-US","potentialAction":[{"@type":"ReadAction","target":["https:\/\/tisserand-boubes.fr\/?page_id=188"]}]},{"@type":"ImageObject","inLanguage":"en-US","@id":"https:\/\/tisserand-boubes.fr\/?page_id=188#primaryimage","url":"https:\/\/tisserand-boubes.fr\/wp-content\/uploads\/2025\/01\/Nouvelle-photo-profil-scaled.jpg","contentUrl":"https:\/\/tisserand-boubes.fr\/wp-content\/uploads\/2025\/01\/Nouvelle-photo-profil-scaled.jpg","width":1920,"height":2560},{"@type":"BreadcrumbList","@id":"https:\/\/tisserand-boubes.fr\/?page_id=188#breadcrumb","itemListElement":[{"@type":"ListItem","position":1,"name":"Accueil","item":"https:\/\/tisserand-boubes.fr\/"},{"@type":"ListItem","position":2,"name":"Qui suis-je ?"}]},{"@type":"WebSite","@id":"https:\/\/tisserand-boubes.fr\/#website","url":"https:\/\/tisserand-boubes.fr\/","name":"Portfolio","description":"","potentialAction":[{"@type":"SearchAction","target":{"@type":"EntryPoint","urlTemplate":"https:\/\/tisserand-boubes.fr\/?s={search_term_string}"},"query-input":"required name=search_term_string"}],"inLanguage":"en-US"}]}},"_links":{"self":[{"href":"https:\/\/tisserand-boubes.fr\/index.php?rest_route=\/wp\/v2\/pages\/188","targetHints":{"allow":["GET"]}}],"collection":[{"href":"https:\/\/tisserand-boubes.fr\/index.php?rest_route=\/wp\/v2\/pages"}],"about":[{"href":"https:\/\/tisserand-boubes.fr\/index.php?rest_route=\/wp\/v2\/types\/page"}],"author":[{"embeddable":true,"href":"https:\/\/tisserand-boubes.fr\/index.php?rest_route=\/wp\/v2\/users\/1"}],"replies":[{"embeddable":true,"href":"https:\/\/tisserand-boubes.fr\/index.php?rest_route=%2Fwp%2Fv2%2Fcomments&post=188"}],"version-history":[{"count":40,"href":"https:\/\/tisserand-boubes.fr\/index.php?rest_route=\/wp\/v2\/pages\/188\/revisions"}],"predecessor-version":[{"id":1358,"href":"https:\/\/tisserand-boubes.fr\/index.php?rest_route=\/wp\/v2\/pages\/188\/revisions\/1358"}],"wp:attachment":[{"href":"https:\/\/tisserand-boubes.fr\/index.php?rest_route=%2Fwp%2Fv2%2Fmedia&parent=188"}],"curies":[{"name":"wp","href":"https:\/\/api.w.org\/{rel}","templated":true}]}}